{"id":4144,"date":"2025-04-07T17:31:37","date_gmt":"2025-04-07T15:31:37","guid":{"rendered":"https:\/\/www.novaacademy.ch\/contributi-federali-per-gli-esami-federali\/"},"modified":"2025-04-15T14:18:10","modified_gmt":"2025-04-15T12:18:10","slug":"contributi-federali-per-gli-esami-federali","status":"publish","type":"page","link":"https:\/\/www.novaacademy.ch\/it\/contributi-federali-per-gli-esami-federali\/","title":{"rendered":"Contributi federali per gli esami federali"},"content":{"rendered":"\n<p><strong>Il governo federale paga il 50% del costo del corso <\/strong><\/p>\n\n\n\n<p>Buone notizie per tutti i professionisti che desiderano ottenere un certificato o un diploma federale. Chiunque completi un corso di preparazione ricever\u00e0 un sostegno finanziario dalla Confederazione. La Confederazione coprir\u00e0 <strong>fino al 50%<\/strong> delle spese di corso ammissibili <strong>fino a un massimo di 9500<\/strong> <strong>franchi<\/strong>. Chi completa pi\u00f9 corsi o moduli in preparazione a un esame federale pu\u00f2 cumulare le tasse fino all&#8217;importo massimo. Il regolamento \u00e8 in vigore dal 1\u00b0 gennaio 2018.      <\/p>\n\n\n\n<p>Questo avviso si applica anche al nostro programma di certificati:<\/p>\n\n\n\n<ul class=\"wp-block-list\">\n<li><strong>Certificato ASFC Leadership Professional:<\/strong> se si completa l&#8217;attestato federale di specialista di gestione entro i prossimi 8 anni. <\/li>\n<\/ul>\n\n\n\n<p><strong>Quali requisiti devono essere soddisfatti?<\/strong><\/p>\n\n\n\n<p>Il governo federale versa il denaro direttamente ai laureati (finanziamento soggetto). Il diritto al contributo federale sussiste alle seguenti condizioni: <\/p>\n\n\n\n<ul class=\"wp-block-list\">\n<li>Il corso deve figurare nell&#8217;elenco dei corsi di preparazione della Segreteria di Stato per la formazione, la ricerca e l&#8217;innovazione SEFRI. (\u279c <a href=\"https:\/\/www.sbfi.admin.ch\/sbfi\/it\/home\/formazione\/fpc\/fps\/contributi.html\" target=\"_blank\" rel=\"noreferrer noopener\">https:\/\/www.sbfi.admin.ch\/sbfi\/it\/home\/formazione\/fpc\/fps\/contributi.html<\/a>).<\/li>\n\n\n\n<li>Lo studente deve pagare le spese del corso. La\/e fattura\/e e la\/e conferma\/e del pagamento da parte del\/i fornitore\/i del corso devono essere intestate allo studente. <\/li>\n\n\n\n<li>Il laureato deve sostenere l&#8217;esame. Il diritto esiste indipendentemente dal successo dell&#8217;esame. <\/li>\n\n\n\n<li>Il laureato deve sostenere l&#8217;esame. Il diritto esiste indipendentemente dal successo dell&#8217;esame.<\/li>\n<\/ul>\n\n\n\n<p>Il contributo federale pu\u00f2 essere richiesto solo dopo aver superato l&#8217;esame federale. I laureati presentano la domanda tramite il portale online della SEFRI. Se necessario, \u00e8 possibile presentare una domanda di contributo parziale a determinate condizioni. In questo caso, i diplomati possono richiedere importi parziali per le spese di corso sostenute prima dell&#8217;esame federale.   <\/p>\n\n\n\n<p><strong>Quando si applica il regolamento?<\/strong><\/p>\n\n\n\n<p>I sussidi federali sono disponibili per chi ha superato un esame federale dopo il 1\u00b0 gennaio 2018 e ha frequentato un corso di preparazione iniziato dopo il 1\u00b0 gennaio 2017. Tuttavia, il corso non deve aver gi\u00e0 beneficiato di sussidi cantonali. <\/p>\n\n\n\n<p>Con il nuovo modello di finanziamento, il governo federale intende alleggerire l&#8217;onere finanziario per i laureati e quindi incentivarli a conseguire qualifiche pi\u00f9 elevate. Affinch\u00e9 l&#8217;effetto non si esaurisca, \u00e8 necessario che l&#8217;economia continui a contribuire ai costi della formazione continua dei propri dipendenti o che li sollevi dall&#8217;onere del tempo. Solo cos\u00ec il sostegno finanziario andr\u00e0 a pieno beneficio dei laureati.  <\/p>\n\n\n\n<p>Saremo lieti di aiutarvi con ulteriori informazioni.<\/p>\n","protected":false},"excerpt":{"rendered":"<p>Il governo federale paga il 50% del costo del corso Buone notizie per tutti i professionisti che desiderano ottenere un certificato o un diploma federale. Chiunque completi un corso di preparazione ricever\u00e0 un sostegno finanziario dalla Confederazione. La Confederazione coprir\u00e0 fino al 50% delle spese di corso ammissibili fino a un massimo di 9500 franchi. [&hellip;]<\/p>\n","protected":false},"author":14,"featured_media":0,"parent":0,"menu_order":0,"comment_status":"closed","ping_status":"closed","template":"","meta":{"_acf_changed":false,"footnotes":""},"class_list":["post-4144","page","type-page","status-publish","hentry"],"acf":[],"_links":{"self":[{"href":"https:\/\/www.novaacademy.ch\/it\/wp-json\/wp\/v2\/pages\/4144","targetHints":{"allow":["GET"]}}],"collection":[{"href":"https:\/\/www.novaacademy.ch\/it\/wp-json\/wp\/v2\/pages"}],"about":[{"href":"https:\/\/www.novaacademy.ch\/it\/wp-json\/wp\/v2\/types\/page"}],"author":[{"embeddable":true,"href":"https:\/\/www.novaacademy.ch\/it\/wp-json\/wp\/v2\/users\/14"}],"replies":[{"embeddable":true,"href":"https:\/\/www.novaacademy.ch\/it\/wp-json\/wp\/v2\/comments?post=4144"}],"version-history":[{"count":0,"href":"https:\/\/www.novaacademy.ch\/it\/wp-json\/wp\/v2\/pages\/4144\/revisions"}],"wp:attachment":[{"href":"https:\/\/www.novaacademy.ch\/it\/wp-json\/wp\/v2\/media?parent=4144"}],"curies":[{"name":"wp","href":"https:\/\/api.w.org\/{rel}","templated":true}]}}