{"id":4043,"date":"2025-04-07T09:09:22","date_gmt":"2025-04-07T07:09:22","guid":{"rendered":"https:\/\/www.novaacademy.ch\/la-nostra-offerta\/"},"modified":"2025-04-28T19:14:27","modified_gmt":"2025-04-28T17:14:27","slug":"offerta","status":"publish","type":"page","link":"https:\/\/www.novaacademy.ch\/it\/offerta\/","title":{"rendered":"La nostra offerta"},"content":{"rendered":"\n<p>I nostri servizi includono:<\/p>\n\n\n\n<ul class=\"wp-block-list\">\n<li><strong>Programmi di formazione personalizzati:<\/strong> Lavoriamo a stretto contatto con voi per identificare le esigenze di formazione specifiche e sviluppare programmi personalizzati che si adattino esattamente ai requisiti della vostra azienda.<\/li>\n\n\n\n<li><strong>Competenza ed esperienza:<\/strong> combinando le competenze di 10 organizzazioni di formazione leader, potete beneficiare di un&#8217;ampia gamma di conoscenze specialistiche e di approcci di apprendimento innovativi. Il nostro team \u00e8 composto da professionisti ed esperti del settore che sfruttano la loro vasta esperienza e conoscenza per fornire contenuti formativi di alta qualit\u00e0 e ottimizzare lo sviluppo dei vostri dipendenti. <\/li>\n\n\n\n<li><strong>Servizio orientato ai partecipanti:<\/strong> ci concentriamo sulle esigenze dei partecipanti. Attribuiamo grande importanza alla collaborazione con voi e con i vostri dipendenti per garantire che i nostri corsi di formazione siano efficaci e pratici. <\/li>\n\n\n\n<li><strong>Formati di apprendimento flessibili:<\/strong> Per soddisfare le diverse esigenze della vostra azienda, offriamo una variet\u00e0 di formati di apprendimento, tra cui eventi faccia a faccia, formazione online e soluzioni ibride.<\/li>\n\n\n\n<li><strong>Successo formativo sostenibile:<\/strong> il nostro approccio non mira solo al successo a breve termine, ma a un progresso formativo sostenibile. Accompagniamo i vostri dipendenti durante l&#8217;intero processo di apprendimento e offriamo un supporto continuo per ottenere risultati a lungo termine. <\/li>\n<\/ul>\n\n\n\n<div class=\"wp-block-group card-group\"><div class=\"wp-block-group__inner-container is-layout-flow wp-block-group-is-layout-flow\">\n<div class=\"wp-block-columns is-layout-flex wp-container-core-columns-is-layout-9d6595d7 wp-block-columns-is-layout-flex\">\n<div class=\"wp-block-column card BnA-1 HR-3 is-layout-flow wp-block-column-is-layout-flow\">\n<figure class=\"wp-block-image size-large is-resized\"><img decoding=\"async\" width=\"480\" height=\"480\" src=\"https:\/\/www.novaacademy.ch\/wp-content\/uploads\/2025\/04\/leadership_860398.svg\" alt=\"\" class=\"wp-image-4375\" style=\"width:300px;height:100px\" srcset=\"https:\/\/www.novaacademy.ch\/wp-content\/uploads\/\/2025\/04\/leadership_860398.svg 150w, https:\/\/www.novaacademy.ch\/wp-content\/uploads\/\/2025\/04\/leadership_860398.svg 300w, https:\/\/www.novaacademy.ch\/wp-content\/uploads\/\/2025\/04\/leadership_860398.svg 1024w, https:\/\/www.novaacademy.ch\/wp-content\/uploads\/\/2025\/04\/leadership_860398.svg 480w\" sizes=\"(max-width: 480px) 100vw, 480px\" \/><\/figure>\n\n\n\n<div style=\"height:22px\" aria-hidden=\"true\" class=\"wp-block-spacer\"><\/div>\n\n\n\n<h4 class=\"wp-block-heading has-text-align-center\">Certificato professionale di leadership ASFC<\/h4>\n\n\n\n<p class=\"has-text-align-left\">Avete le conoscenze &#8211; ora \u00e8 il momento di realizzare il vostro pieno potenziale come manager. Immaginate di avere le capacit\u00e0 per ispirare gli altri, portare avanti i progetti e prendere decisioni sicure. Questo corso vi permetter\u00e0 di acquisire esattamente queste competenze: pratiche, direttamente realizzabili e perfette per l&#8217;inizio della vostra carriera.  <\/p>\n\n\n\n<div class=\"wp-block-buttons is-layout-flex wp-block-buttons-is-layout-flex\">\n<div class=\"wp-block-button\"><a class=\"wp-block-button__link wp-element-button\" href=\"https:\/\/www.novaacademy.ch\/it\/offerta\/certificato-professionale-di-leadership-asfc\/\">Per saperne di pi\u00f9<\/a><\/div>\n<\/div>\n<\/div>\n\n\n\n<div class=\"wp-block-column is-layout-flow wp-block-column-is-layout-flow\"><\/div>\n\n\n\n<div class=\"wp-block-column is-layout-flow wp-block-column-is-layout-flow\"><\/div>\n<\/div>\n<\/div><\/div>\n\n\n\n<p>Con l\u2019esperienza combinata di oltre 10 scuole in pi\u00f9 di 20 sedi in Svizzera, offriamo soluzioni complete e specificamente adattate alle esigenze della vostra azienda. Scoprite le nostre competenze nelle seguenti aree tematiche:<\/p>\n\n\n<div class=\"expertisen\"><div class=\"expfilter\"><span class=\"wp-block-button__link wp-element-button current\" data-category=\"all\">Alle<\/span><span class=\"wp-block-button__link wp-element-button\" data-category=\"63\">Economia aziendale<\/span><span class=\"wp-block-button__link wp-element-button\" data-category=\"64\">Salute<\/span><span class=\"wp-block-button__link wp-element-button\" data-category=\"65\">Marketing \/ Vendite<\/span><span class=\"wp-block-button__link wp-element-button\" data-category=\"66\">Risorse umane<\/span><\/div><div class=\"card c63\"><h3><img decoding=\"async\" src=\"https:\/\/www.novaacademy.ch\/wp-content\/uploads\/2024\/12\/brain_738534.svg\" alt=\"Corsi di formazione sull'intelligenza artificiale per le aziende\">Corsi di formazione sull'intelligenza artificiale per le aziende<\/h3><span>Integrazione dell'intelligenza artificiale nei processi aziendali.<\/span><\/div><div class=\"card c63\"><h3><img decoding=\"async\" src=\"https:\/\/www.novaacademy.ch\/wp-content\/uploads\/2024\/12\/business_16722949.svg\" alt=\"Modello\/Valori\/Cultura aziendale\">Modello\/Valori\/Cultura aziendale<\/h3><span>Sviluppo e rafforzamento di una cultura aziendale positiva.<\/span><\/div><div class=\"card c63\"><h3><img decoding=\"async\" src=\"https:\/\/www.novaacademy.ch\/wp-content\/uploads\/2024\/12\/tutor_9293889.svg\" alt=\"Tecnica di presentazione \/ Comunicazione \/ Flusso di informazioni\">Tecnica di presentazione \/ Comunicazione \/ Flusso di informazioni<\/h3><span>Miglioramento delle capacit\u00e0 comunicative in azienda.<\/span><\/div><div class=\"card c63\"><h3><img decoding=\"async\" src=\"https:\/\/www.novaacademy.ch\/wp-content\/uploads\/2024\/12\/audit_7044522.svg\" alt=\"Gestione di progetti\">Gestione di progetti<\/h3><span>Pianificazione ed esecuzione efficiente dei progetti.<\/span><\/div><div class=\"card c63\"><h3><img decoding=\"async\" src=\"https:\/\/www.novaacademy.ch\/wp-content\/uploads\/2024\/12\/iteration_16090667.svg\" alt=\"Ottimizzazioni di processo\">Ottimizzazioni di processo<\/h3><span>Identificazione e implementazione di aumenti di efficienza.<\/span><\/div><div class=\"card c63\"><h3><img decoding=\"async\" src=\"https:\/\/www.novaacademy.ch\/wp-content\/uploads\/2024\/12\/creative_7261731.svg\" alt=\"Imprenditorialit\u00e0\">Imprenditorialit\u00e0<\/h3><span>Promozione di un pensiero e di un'azione imprenditoriali all'interno dell'azienda.<\/span><\/div><div class=\"card c63\"><h3><img decoding=\"async\" src=\"https:\/\/www.novaacademy.ch\/wp-content\/uploads\/2024\/12\/creativity_13305929.svg\" alt=\"Design Thinking\">Design Thinking<\/h3><span>Approcci creativi alla risoluzione dei problemi per soluzioni innovative.<\/span><\/div><div class=\"card c63\"><h3><img decoding=\"async\" src=\"https:\/\/www.novaacademy.ch\/wp-content\/uploads\/2024\/12\/future_11485932.svg\" alt=\"Gestione dell'innovazione\">Gestione dell'innovazione<\/h3><span>Strategie per la promozione sistematica dell'innovazione.<\/span><\/div><div class=\"card c63\"><h3><img decoding=\"async\" src=\"https:\/\/www.novaacademy.ch\/wp-content\/uploads\/2024\/12\/security_10098794.svg\" alt=\"Protezione dei dati\">Protezione dei dati<\/h3><span>Sensibilizzazione e formazione in materia di norme sulla protezione dei dati.<\/span><\/div><div class=\"card c63\"><h3><img decoding=\"async\" src=\"https:\/\/www.novaacademy.ch\/wp-content\/uploads\/2024\/12\/collaboration_8819039.svg\" alt=\"Lean Management\">Lean Management<\/h3><span>Riduzione degli sprechi e miglioramento del valore aggiunto.<\/span><\/div><div class=\"card c63\"><h3><img decoding=\"async\" src=\"https:\/\/www.novaacademy.ch\/wp-content\/uploads\/2024\/12\/document_15393011.svg\" alt=\"Conformit\u00e0\">Conformit\u00e0<\/h3><span>Garanzia del rispetto delle disposizioni di legge e interne.<\/span><\/div><div class=\"card c64\"><h3><img decoding=\"async\" src=\"https:\/\/www.novaacademy.ch\/wp-content\/uploads\/2024\/12\/Ergonomie.svg\" alt=\"Ergonomia e gestione della salute sul lavoro\">Ergonomia e gestione della salute sul lavoro<\/h3><span>Promozione della salute e del benessere sul posto di lavoro.<\/span><\/div><div class=\"card c64\"><h3><img decoding=\"async\" src=\"https:\/\/www.novaacademy.ch\/wp-content\/uploads\/2024\/12\/board_16129546.svg\" alt=\"Resilienza e autogestione\">Resilienza e autogestione<\/h3><span>Strategie per aumentare la resilienza personale.<\/span><\/div><div class=\"card c64\"><h3><img decoding=\"async\" src=\"https:\/\/www.novaacademy.ch\/wp-content\/uploads\/2024\/12\/health-insurance_17085132.svg\" alt=\"Temi: tutela della salute\">Temi: tutela della salute<\/h3><span>Approcci pratici per la protezione dei dipendenti.<\/span><\/div><div class=\"card c64\"><h3><img decoding=\"async\" src=\"https:\/\/www.novaacademy.ch\/wp-content\/uploads\/2024\/12\/labour_11442788.svg\" alt=\"Sicurezza sul lavoro\">Sicurezza sul lavoro<\/h3><span>Garantire un ambiente di lavoro sicuro per tutti i dipendenti.<\/span><\/div><div class=\"card c64\"><h3><img decoding=\"async\" src=\"https:\/\/www.novaacademy.ch\/wp-content\/uploads\/2024\/12\/wellbeing_5980316.svg\" alt=\"Salute mentale\">Salute mentale<\/h3><span>Promozione della salute mentale dei dipendenti sul posto di lavoro<\/span><\/div><div class=\"card c64\"><h3><img decoding=\"async\" src=\"https:\/\/www.novaacademy.ch\/wp-content\/uploads\/2024\/12\/brain_4135383.svg\" alt=\"Allenamento mentale per atleti\">Allenamento mentale per atleti<\/h3><span>Rafforzamento della forza mentale specifica per gli atleti<\/span><\/div><div class=\"card c65\"><h3><img decoding=\"async\" src=\"https:\/\/www.novaacademy.ch\/wp-content\/uploads\/2024\/12\/coaching_2586975.svg\" alt=\"Formazione Vendite esterne\">Formazione Vendite esterne<\/h3><span>Strategie e tecniche efficaci per il contatto diretto con i clienti.<\/span><\/div><div class=\"card c65\"><h3><img decoding=\"async\" src=\"https:\/\/www.novaacademy.ch\/wp-content\/uploads\/2024\/12\/support_4429769.svg\" alt=\"Formazione Vendite Servizio interno\">Formazione Vendite Servizio interno<\/h3><span>Ottimizzazione dei processi di vendita e assistenza clienti nel servizio interno.<\/span><\/div><div class=\"card c65\"><h3><img decoding=\"async\" src=\"https:\/\/www.novaacademy.ch\/wp-content\/uploads\/2024\/12\/motivated_16806266.svg\" alt=\"Formazione Collaborazione Vendita Servizio esterno\/interno\">Formazione Collaborazione Vendita Servizio esterno\/interno<\/h3><span>Rafforzamento del lavoro di squadra per il massimo successo nelle vendite.<\/span><\/div><div class=\"card c66\"><h3><img decoding=\"async\" src=\"https:\/\/www.novaacademy.ch\/wp-content\/uploads\/2024\/12\/leadership_860398.svg\" alt=\"Leadership\">Leadership<\/h3><span>Sviluppo di capacit\u00e0 e competenze di leadership per gestire con successo i team.<\/span><\/div><div class=\"card c66\"><h3><img decoding=\"async\" src=\"https:\/\/www.novaacademy.ch\/wp-content\/uploads\/2024\/12\/partner_17541107.svg\" alt=\"Teamcoaching\">Teamcoaching<\/h3><span>Promuovere la dinamica di squadra e la collaborazione per ottenere risultati migliori.<\/span><\/div><div class=\"card c66\"><h3><img decoding=\"async\" src=\"https:\/\/www.novaacademy.ch\/wp-content\/uploads\/2024\/12\/agile-team_8759226.svg\" alt=\"Leadership agile \u2013 Temi di leadership Leadership\">Leadership agile \u2013 Temi di leadership Leadership<\/h3><span>Approcci moderni per una leadership efficace in ambienti dinamici.<\/span><\/div><\/div>\n","protected":false},"excerpt":{"rendered":"<p>I nostri servizi includono: Certificato professionale di leadership ASFC Avete le conoscenze &#8211; ora \u00e8 il momento di realizzare il vostro pieno potenziale come manager. Immaginate di avere le capacit\u00e0 per ispirare gli altri, portare avanti i progetti e prendere decisioni sicure. Questo corso vi permetter\u00e0 di acquisire esattamente queste competenze: pratiche, direttamente realizzabili e [&hellip;]<\/p>\n","protected":false},"author":14,"featured_media":0,"parent":0,"menu_order":36,"comment_status":"closed","ping_status":"closed","template":"","meta":{"_acf_changed":false,"footnotes":""},"class_list":["post-4043","page","type-page","status-publish","hentry"],"acf":[],"_links":{"self":[{"href":"https:\/\/www.novaacademy.ch\/it\/wp-json\/wp\/v2\/pages\/4043","targetHints":{"allow":["GET"]}}],"collection":[{"href":"https:\/\/www.novaacademy.ch\/it\/wp-json\/wp\/v2\/pages"}],"about":[{"href":"https:\/\/www.novaacademy.ch\/it\/wp-json\/wp\/v2\/types\/page"}],"author":[{"embeddable":true,"href":"https:\/\/www.novaacademy.ch\/it\/wp-json\/wp\/v2\/users\/14"}],"replies":[{"embeddable":true,"href":"https:\/\/www.novaacademy.ch\/it\/wp-json\/wp\/v2\/comments?post=4043"}],"version-history":[{"count":0,"href":"https:\/\/www.novaacademy.ch\/it\/wp-json\/wp\/v2\/pages\/4043\/revisions"}],"wp:attachment":[{"href":"https:\/\/www.novaacademy.ch\/it\/wp-json\/wp\/v2\/media?parent=4043"}],"curies":[{"name":"wp","href":"https:\/\/api.w.org\/{rel}","templated":true}]}}