{"id":3843,"date":"2025-04-02T16:57:08","date_gmt":"2025-04-02T14:57:08","guid":{"rendered":"https:\/\/www.novaacademy.ch\/i-nostri-partner\/"},"modified":"2025-04-15T09:41:41","modified_gmt":"2025-04-15T07:41:41","slug":"partner","status":"publish","type":"page","link":"https:\/\/www.novaacademy.ch\/it\/partner\/","title":{"rendered":"I nostri partner"},"content":{"rendered":"\t\t\t<div class=\"wp-block-group card-group\">\n\t\t\t\t<div class=\"wp-block-group__inner-container is-layout-flow wp-block-group-is-layout-flow\">\n\t\t\t\t\t<div class=\"wp-block-columns is-layout-flex wp-container-core-columns-is-layout-1 wp-block-columns-is-layout-flex\">\n\t\t\t\t\t<div class=\"wp-block-column card BnA-1 HR-3 is-layout-flow wp-block-column-is-layout-flow\">\n\t\t\t\t<figure class=\"wp-block-image size-large is-resized\">\n\t\t\t\t\t<img decoding=\"async\" src=\"https:\/\/www.novaacademy.ch\/wp-content\/uploads\/2025\/01\/Post-Logo-1.svg\" alt=\"La Posta Svizzera\" class=\"wp-image-3849\" style=\"width:300px;height:100px\" \/>\n\t\t\t\t<\/figure>\n\n\n\n\t\t\t\t<p class=\"has-text-align-left\"><p>La Posta Svizzera \u00e8 una delle aziende leader in Svizzera nel settore della logistica e della comunicazione e offre servizi completi nei settori della spedizione, della logistica e della comunicazione digitale.<\/p>\n<\/p>\n\n\n\n\t\t\t\t<div class=\"wp-block-buttons is-layout-flex wp-block-buttons-is-layout-flex\">\n\t\t\t\t\t<div class=\"wp-block-button\"><a class=\"wp-block-button__link wp-element-button\"\n\t\t\t\t\t\t\thref=\"https:\/\/www.novaacademy.ch\/it\/partner\/la-posta-svizzera\/\">Per saperne di pi\u00f9<\/a>\n\t\t\t\t\t<\/div>\n\t\t\t\t<\/div>\n\t\t\t<\/div>\n\t\t\t\t\t\t<div class=\"wp-block-column card BnA-1 HR-3 is-layout-flow wp-block-column-is-layout-flow\">\n\t\t\t\t<figure class=\"wp-block-image size-large is-resized\">\n\t\t\t\t\t<img decoding=\"async\" src=\"https:\/\/www.novaacademy.ch\/wp-content\/uploads\/2025\/03\/edelweiss.svg\" alt=\"Edelweiss\" class=\"wp-image-3845\" style=\"width:300px;height:100px\" \/>\n\t\t\t\t<\/figure>\n\n\n\n\t\t\t\t<p class=\"has-text-align-left\"><p>Edelweiss \u00e8 la principale compagnia aerea svizzera per le vacanze e offre collegamenti aerei di prima classe verso le pi\u00f9 belle destinazioni del mondo. Grazie ai suoi elevati standard di qualit\u00e0 e all&#8217;ospitalit\u00e0 svizzera, Edelweiss garantisce un&#8217;esperienza di viaggio indimenticabile.<\/p>\n<\/p>\n\n\n\n\t\t\t\t<div class=\"wp-block-buttons is-layout-flex wp-block-buttons-is-layout-flex\">\n\t\t\t\t\t<div class=\"wp-block-button\"><a class=\"wp-block-button__link wp-element-button\"\n\t\t\t\t\t\t\thref=\"https:\/\/www.novaacademy.ch\/it\/partner\/edelweiss\/\">Per saperne di pi\u00f9<\/a>\n\t\t\t\t\t<\/div>\n\t\t\t\t<\/div>\n\t\t\t<\/div>\n\t\t\t\t\t\t<!-- Q&D: Sollte wahrscheinlich noch sch\u00f6ner coded werden damit's aufgeht unabh\u00e4ngig der anzahl -->\n\t\t\t<!-- <div class=\"wp-block-column is-layout-flow wp-block-column-is-layout-flow\"><\/div> -->\n\t\t\t<div class=\"wp-block-column is-layout-flow wp-block-column-is-layout-flow\"><\/div>\n\n\n\t\t\t\t\t<\/div>\n\t\t\t\t<\/div>\n\t\t\t<\/div>\n\t\t\n\n\n<p><\/p>\n","protected":false},"excerpt":{"rendered":"","protected":false},"author":14,"featured_media":0,"parent":0,"menu_order":36,"comment_status":"closed","ping_status":"closed","template":"","meta":{"_acf_changed":false,"footnotes":""},"class_list":["post-3843","page","type-page","status-publish","hentry"],"acf":[],"_links":{"self":[{"href":"https:\/\/www.novaacademy.ch\/it\/wp-json\/wp\/v2\/pages\/3843","targetHints":{"allow":["GET"]}}],"collection":[{"href":"https:\/\/www.novaacademy.ch\/it\/wp-json\/wp\/v2\/pages"}],"about":[{"href":"https:\/\/www.novaacademy.ch\/it\/wp-json\/wp\/v2\/types\/page"}],"author":[{"embeddable":true,"href":"https:\/\/www.novaacademy.ch\/it\/wp-json\/wp\/v2\/users\/14"}],"replies":[{"embeddable":true,"href":"https:\/\/www.novaacademy.ch\/it\/wp-json\/wp\/v2\/comments?post=3843"}],"version-history":[{"count":0,"href":"https:\/\/www.novaacademy.ch\/it\/wp-json\/wp\/v2\/pages\/3843\/revisions"}],"wp:attachment":[{"href":"https:\/\/www.novaacademy.ch\/it\/wp-json\/wp\/v2\/media?parent=3843"}],"curies":[{"name":"wp","href":"https:\/\/api.w.org\/{rel}","templated":true}]}}