{"id":4137,"date":"2025-04-07T16:53:15","date_gmt":"2025-04-07T14:53:15","guid":{"rendered":"https:\/\/www.novaacademy.ch\/subventions-federales-pour-les-examens-federaux\/"},"modified":"2025-04-15T14:06:45","modified_gmt":"2025-04-15T12:06:45","slug":"subventions-federales-pour-les-examens-federaux","status":"publish","type":"page","link":"https:\/\/www.novaacademy.ch\/fr\/subventions-federales-pour-les-examens-federaux\/","title":{"rendered":"Subventions f\u00e9d\u00e9rales pour les examens f\u00e9d\u00e9raux"},"content":{"rendered":"\n<p><strong>La Conf\u00e9d\u00e9ration prend en charge 50% des frais de cours <\/strong><\/p>\n\n\n\n<p>Une nouvelle r\u00e9jouissante pour tous les professionnels qui souhaitent obtenir un brevet ou un dipl\u00f4me f\u00e9d\u00e9ral. Ceux qui suivent un cours pr\u00e9paratoire b\u00e9n\u00e9ficient d&rsquo;un soutien financier de la Conf\u00e9d\u00e9ration. La Conf\u00e9d\u00e9ration prend en charge jusqu&rsquo;\u00e0 <strong>50%<\/strong> des frais de cours imputables, <strong>\u00e0 concurrence de 9500<\/strong> <strong>francs<\/strong>. Les personnes qui suivent plusieurs cours ou modules pour se pr\u00e9parer \u00e0 un examen f\u00e9d\u00e9ral peuvent cumuler les frais jusqu&rsquo;au montant maximal. Cette r\u00e9glementation est en vigueur depuis le 1er janvier 2018.      <\/p>\n\n\n\n<p>Cette communication est \u00e9galement valable pour notre formation certifiante :<\/p>\n\n\n\n<ul class=\"wp-block-list\">\n<li><strong>Certificat ASFC Leadership Professional :<\/strong> si vous obtenez le brevet f\u00e9d\u00e9ral de sp\u00e9cialiste en gestion dans les 8 prochaines ann\u00e9es. <\/li>\n<\/ul>\n\n\n\n<p><strong>Quelles conditions doivent \u00eatre remplies ?<\/strong><\/p>\n\n\n\n<p>La Conf\u00e9d\u00e9ration verse l&rsquo;argent directement aux dipl\u00f4m\u00e9s (financement du sujet). Le droit \u00e0 une subvention f\u00e9d\u00e9rale est soumis aux conditions suivantes : <\/p>\n\n\n\n<ul class=\"wp-block-list\">\n<li>Le cours doit figurer sur la liste des cours pr\u00e9paratoires aupr\u00e8s du Secr\u00e9tariat d&rsquo;Etat \u00e0 la formation, \u00e0 la recherche et \u00e0 l&rsquo;innovation SBFI (\u279c <a href=\"http:\/\/www.sbfi.admin.ch\/bundesbeitraege\" target=\"_blank\" rel=\"noreferrer noopener\">https:\/\/www.sbfi.admin.ch\/sbfi\/fr\/home\/formation\/fpc\/fps\/contributions.html<\/a>).<\/li>\n\n\n\n<li>Le candidat doit payer les frais de cours. La\/les facture(s) et la\/les confirmation(s) de paiement du\/des prestataire(s) de cours doivent \u00eatre libell\u00e9es au nom du dipl\u00f4m\u00e9. <\/li>\n\n\n\n<li>Le\/la candidat(e) doit passer l&rsquo;examen. Le droit existe ind\u00e9pendamment de la r\u00e9ussite \u00e0 l&rsquo;examen. <\/li>\n\n\n\n<li>Le\/la candidat(e) doit avoir son domicile fiscal en Suisse au moment de l&rsquo;examen.<\/li>\n<\/ul>\n\n\n\n<p>La subvention f\u00e9d\u00e9rale ne peut \u00eatre demand\u00e9e qu&rsquo;apr\u00e8s avoir pass\u00e9 l&rsquo;examen f\u00e9d\u00e9ral. Les candidats soumettent leur demande via le portail en ligne du SBFI. En cas de besoin et sous certaines conditions, une demande de contribution partielle peut \u00eatre d\u00e9pos\u00e9e. Dans ce cas, les candidats peuvent demander des montants partiels pour les frais de cours d\u00e9j\u00e0 avant l&rsquo;examen f\u00e9d\u00e9ral.   <\/p>\n\n\n\n<p><strong>\u00c0 partir de quand le r\u00e8glement s&rsquo;applique-t-il ?<\/strong><\/p>\n\n\n\n<p>Les subventions f\u00e9d\u00e9rales sont accord\u00e9es aux personnes qui ont pass\u00e9 un examen f\u00e9d\u00e9ral apr\u00e8s le 1er janvier 2018 et qui ont suivi un cours pr\u00e9paratoire ayant d\u00e9but\u00e9 apr\u00e8s le 1er janvier 2017. Le cours ne doit toutefois pas avoir d\u00e9j\u00e0 b\u00e9n\u00e9fici\u00e9 de subventions cantonales. <\/p>\n\n\n\n<p>Avec le nouveau mod\u00e8le de financement, la Conf\u00e9d\u00e9ration souhaite all\u00e9ger la charge financi\u00e8re des dipl\u00f4m\u00e9s et les inciter ainsi \u00e0 am\u00e9liorer leurs qualifications. Pour que l&rsquo;effet ne se perde pas, l&rsquo;\u00e9conomie doit, comme jusqu&rsquo;\u00e0 pr\u00e9sent, participer aux frais de formation continue de ses employ\u00e9s ou les d\u00e9charger d&rsquo;une partie de leur temps. Ce n&rsquo;est qu&rsquo;ainsi que le soutien financier profitera pleinement aux dipl\u00f4m\u00e9s.  <\/p>\n\n\n\n<p>Nous vous aiderons volontiers \u00e0 obtenir de plus amples informations.<\/p>\n","protected":false},"excerpt":{"rendered":"<p>La Conf\u00e9d\u00e9ration prend en charge 50% des frais de cours Une nouvelle r\u00e9jouissante pour tous les professionnels qui souhaitent obtenir un brevet ou un dipl\u00f4me f\u00e9d\u00e9ral. Ceux qui suivent un cours pr\u00e9paratoire b\u00e9n\u00e9ficient d&rsquo;un soutien financier de la Conf\u00e9d\u00e9ration. La Conf\u00e9d\u00e9ration prend en charge jusqu&rsquo;\u00e0 50% des frais de cours imputables, \u00e0 concurrence de 9500 [&hellip;]<\/p>\n","protected":false},"author":14,"featured_media":0,"parent":0,"menu_order":0,"comment_status":"closed","ping_status":"closed","template":"","meta":{"_acf_changed":false,"footnotes":""},"class_list":["post-4137","page","type-page","status-publish","hentry"],"acf":[],"_links":{"self":[{"href":"https:\/\/www.novaacademy.ch\/fr\/wp-json\/wp\/v2\/pages\/4137","targetHints":{"allow":["GET"]}}],"collection":[{"href":"https:\/\/www.novaacademy.ch\/fr\/wp-json\/wp\/v2\/pages"}],"about":[{"href":"https:\/\/www.novaacademy.ch\/fr\/wp-json\/wp\/v2\/types\/page"}],"author":[{"embeddable":true,"href":"https:\/\/www.novaacademy.ch\/fr\/wp-json\/wp\/v2\/users\/14"}],"replies":[{"embeddable":true,"href":"https:\/\/www.novaacademy.ch\/fr\/wp-json\/wp\/v2\/comments?post=4137"}],"version-history":[{"count":0,"href":"https:\/\/www.novaacademy.ch\/fr\/wp-json\/wp\/v2\/pages\/4137\/revisions"}],"wp:attachment":[{"href":"https:\/\/www.novaacademy.ch\/fr\/wp-json\/wp\/v2\/media?parent=4137"}],"curies":[{"name":"wp","href":"https:\/\/api.w.org\/{rel}","templated":true}]}}