{"id":3966,"date":"2025-04-04T14:55:03","date_gmt":"2025-04-04T12:55:03","guid":{"rendered":"https:\/\/www.novaacademy.ch\/mentions-legales\/"},"modified":"2025-04-04T14:55:04","modified_gmt":"2025-04-04T12:55:04","slug":"mentions-legales","status":"publish","type":"page","link":"https:\/\/www.novaacademy.ch\/fr\/mentions-legales\/","title":{"rendered":"Mentions l\u00e9gales"},"content":{"rendered":"\n<h4 class=\"wp-block-heading\">Nova Academy<\/h4>\n\n<p>Neuhofstrasse 3a<br\/>6340 Baar<br\/>+41 58 881 16 66<br\/><a href=\"mailto:info@novaacademy.ch\">info@novaacademy.ch<\/a><\/p>\n\n<h4 class=\"wp-block-heading\">Website:<\/h4>\n\n<p>Conception et d\u00e9veloppement: <a href=\"https:\/\/www.novaacademy.ch\/de\/basic-page\/pixelgarage.ch\" target=\"_blank\" rel=\"noreferrer noopener\">Gally Websolutions GmbH<\/a><\/p>\n\n<p><\/p>\n\n<p><strong>Opposition aux e-mails ou courriers publicitaires non sollicit\u00e9s<\/strong><\/p>\n\n<p>L&rsquo;utilisation des donn\u00e9es de contact publi\u00e9es dans le cadre des mentions l\u00e9gales obligatoires pour l&rsquo;envoi de publicit\u00e9 et de mat\u00e9riel d&rsquo;information non express\u00e9ment demand\u00e9s est interdite. En cas d&rsquo;envoi d&rsquo;informations publicitaires non sollicit\u00e9es, par exemple par spam ou par courrier, les exploitants de ce site se r\u00e9servent express\u00e9ment le droit d&rsquo;engager des poursuites judiciaires.<\/p>\n\n<p><\/p>\n","protected":false},"excerpt":{"rendered":"<p>Nova Academy Neuhofstrasse 3a6340 Baar+41 58 881 16 66info@novaacademy.ch Website: Conception et d\u00e9veloppement: Gally Websolutions GmbH Opposition aux e-mails ou courriers publicitaires non sollicit\u00e9s L&rsquo;utilisation des donn\u00e9es de contact publi\u00e9es dans le cadre des mentions l\u00e9gales obligatoires pour l&rsquo;envoi de publicit\u00e9 et de mat\u00e9riel d&rsquo;information non express\u00e9ment demand\u00e9s est interdite. En cas d&rsquo;envoi d&rsquo;informations publicitaires [&hellip;]<\/p>\n","protected":false},"author":14,"featured_media":0,"parent":0,"menu_order":34,"comment_status":"closed","ping_status":"closed","template":"","meta":{"_acf_changed":false,"footnotes":""},"class_list":["post-3966","page","type-page","status-publish","hentry"],"acf":[],"_links":{"self":[{"href":"https:\/\/www.novaacademy.ch\/fr\/wp-json\/wp\/v2\/pages\/3966","targetHints":{"allow":["GET"]}}],"collection":[{"href":"https:\/\/www.novaacademy.ch\/fr\/wp-json\/wp\/v2\/pages"}],"about":[{"href":"https:\/\/www.novaacademy.ch\/fr\/wp-json\/wp\/v2\/types\/page"}],"author":[{"embeddable":true,"href":"https:\/\/www.novaacademy.ch\/fr\/wp-json\/wp\/v2\/users\/14"}],"replies":[{"embeddable":true,"href":"https:\/\/www.novaacademy.ch\/fr\/wp-json\/wp\/v2\/comments?post=3966"}],"version-history":[{"count":0,"href":"https:\/\/www.novaacademy.ch\/fr\/wp-json\/wp\/v2\/pages\/3966\/revisions"}],"wp:attachment":[{"href":"https:\/\/www.novaacademy.ch\/fr\/wp-json\/wp\/v2\/media?parent=3966"}],"curies":[{"name":"wp","href":"https:\/\/api.w.org\/{rel}","templated":true}]}}