{"id":3915,"date":"2025-04-02T18:16:12","date_gmt":"2025-04-02T16:16:12","guid":{"rendered":"https:\/\/www.novaacademy.ch\/notre-expertise\/"},"modified":"2025-08-19T09:32:05","modified_gmt":"2025-08-19T07:32:05","slug":"notre-expertise","status":"publish","type":"page","link":"https:\/\/www.novaacademy.ch\/fr\/notre-expertise\/","title":{"rendered":"Notre expertise"},"content":{"rendered":"\n<p>Gr\u00e2ce \u00e0 l&rsquo;expertise combin\u00e9e de plus de 10 \u00e9coles r\u00e9parties sur plus de 20 sites en Suisse, nous proposons des solutions compl\u00e8tes et cibl\u00e9es sur les besoins de votre entreprise. D\u00e9couvrez notre expertise dans les domaines suivants : <\/p>\n<div class=\"expertisen\"><div class=\"expfilter\"><span class=\"wp-block-button__link wp-element-button current\" data-category=\"all\">Alle<\/span><span class=\"wp-block-button__link wp-element-button\" data-category=\"59\">Gestion d'entreprise<\/span><span class=\"wp-block-button__link wp-element-button\" data-category=\"60\">Sant\u00e9<\/span><span class=\"wp-block-button__link wp-element-button\" data-category=\"61\">Marketing \/ Vente<\/span><span class=\"wp-block-button__link wp-element-button\" data-category=\"62\">Ressources humaines<\/span><\/div><div class=\"card c59\"><h3><img decoding=\"async\" src=\"https:\/\/www.novaacademy.ch\/wp-content\/uploads\/2024\/12\/brain_738534.svg\" alt=\"Formation \u00e0 l'IA pour les entreprises\">Formation \u00e0 l'IA pour les entreprises<\/h3><span>Int\u00e9gration de l'intelligence artificielle dans les processus commerciaux.<\/span><\/div><div class=\"card c59\"><h3><img decoding=\"async\" src=\"https:\/\/www.novaacademy.ch\/wp-content\/uploads\/2024\/12\/business_16722949.svg\" alt=\"Charte\/Valeurs\/Culture d'entreprise\">Charte\/Valeurs\/Culture d'entreprise<\/h3><span>D\u00e9velopper et renforcer une culture d'entreprise positive.<\/span><\/div><div class=\"card c59\"><h3><img decoding=\"async\" src=\"https:\/\/www.novaacademy.ch\/wp-content\/uploads\/2024\/12\/tutor_9293889.svg\" alt=\"Technique de pr\u00e9sentation \/ communication \/ flux d'informations\">Technique de pr\u00e9sentation \/ communication \/ flux d'informations<\/h3><span>Am\u00e9liorer les comp\u00e9tences en communication au sein de l'entreprise.<\/span><\/div><div class=\"card c59\"><h3><img decoding=\"async\" src=\"https:\/\/www.novaacademy.ch\/wp-content\/uploads\/2024\/12\/audit_7044522.svg\" alt=\"Gestion de projet\">Gestion de projet<\/h3><span>Planification et r\u00e9alisation efficaces de projets.<\/span><\/div><div class=\"card c59\"><h3><img decoding=\"async\" src=\"https:\/\/www.novaacademy.ch\/wp-content\/uploads\/2024\/12\/iteration_16090667.svg\" alt=\"Optimisation des processus\">Optimisation des processus<\/h3><span>Identification et mise en \u0153uvre des gains d'efficacit\u00e9.<\/span><\/div><div class=\"card c59\"><h3><img decoding=\"async\" src=\"https:\/\/www.novaacademy.ch\/wp-content\/uploads\/2024\/12\/creative_7261731.svg\" alt=\"Entrepreneuriat\">Entrepreneuriat<\/h3><span>Encouragement de l'esprit d'entreprise et de l'action entrepreneuriale au sein de l'entreprise.<\/span><\/div><div class=\"card c59\"><h3><img decoding=\"async\" src=\"https:\/\/www.novaacademy.ch\/wp-content\/uploads\/2024\/12\/creativity_13305929.svg\" alt=\"La pens\u00e9e design\">La pens\u00e9e design<\/h3><span>Des approches cr\u00e9atives pour trouver des solutions innovantes.<\/span><\/div><div class=\"card c59\"><h3><img decoding=\"async\" src=\"https:\/\/www.novaacademy.ch\/wp-content\/uploads\/2024\/12\/future_11485932.svg\" alt=\"Gestion de l'innovation\">Gestion de l'innovation<\/h3><span>Strat\u00e9gies pour la promotion syst\u00e9matique de l'innovation.<\/span><\/div><div class=\"card c59\"><h3><img decoding=\"async\" src=\"https:\/\/www.novaacademy.ch\/wp-content\/uploads\/2024\/12\/security_10098794.svg\" alt=\"Protection des donn\u00e9es\">Protection des donn\u00e9es<\/h3><span>Sensibilisation et formation aux dispositions relatives \u00e0 la protection des donn\u00e9es.<\/span><\/div><div class=\"card c59\"><h3><img decoding=\"async\" src=\"https:\/\/www.novaacademy.ch\/wp-content\/uploads\/2024\/12\/collaboration_8819039.svg\" alt=\"Gestion all\u00e9g\u00e9e\">Gestion all\u00e9g\u00e9e<\/h3><span>R\u00e9duire le gaspillage et am\u00e9liorer la cr\u00e9ation de valeur.<\/span><\/div><div class=\"card c59\"><h3><img decoding=\"async\" src=\"https:\/\/www.novaacademy.ch\/wp-content\/uploads\/2024\/12\/document_15393011.svg\" alt=\"Conformit\u00e9\">Conformit\u00e9<\/h3><span>Garantie du respect des dispositions l\u00e9gales et internes.<\/span><\/div><div class=\"card c60\"><h3><img decoding=\"async\" src=\"https:\/\/www.novaacademy.ch\/wp-content\/uploads\/2024\/12\/Ergonomie.svg\" alt=\"Ergonomie et gestion de la sant\u00e9 au travail\">Ergonomie et gestion de la sant\u00e9 au travail<\/h3><span>Promotion de la sant\u00e9 et du bien-\u00eatre sur le lieu de travail.<\/span><\/div><div class=\"card c60\"><h3><img decoding=\"async\" src=\"https:\/\/www.novaacademy.ch\/wp-content\/uploads\/2024\/12\/board_16129546.svg\" alt=\"R\u00e9silience et autogestion\">R\u00e9silience et autogestion<\/h3><span>Strat\u00e9gies pour augmenter la r\u00e9sistance personnelle.<\/span><\/div><div class=\"card c60\"><h3><img decoding=\"async\" src=\"https:\/\/www.novaacademy.ch\/wp-content\/uploads\/2024\/12\/health-insurance_17085132.svg\" alt=\"Th\u00e8mes de la protection de la sant\u00e9\">Th\u00e8mes de la protection de la sant\u00e9<\/h3><span>Approches pratiques pour la protection des collaborateurs.<\/span><\/div><div class=\"card c60\"><h3><img decoding=\"async\" src=\"https:\/\/www.novaacademy.ch\/wp-content\/uploads\/2024\/12\/labour_11442788.svg\" alt=\"S\u00e9curit\u00e9 au travail\">S\u00e9curit\u00e9 au travail<\/h3><span>Garantie d'un environnement de travail s\u00fbr pour tous les collaborateurs.<\/span><\/div><div class=\"card c60\"><h3><img decoding=\"async\" src=\"https:\/\/www.novaacademy.ch\/wp-content\/uploads\/2024\/12\/wellbeing_5980316.svg\" alt=\"Sant\u00e9 mentale\">Sant\u00e9 mentale<\/h3><span>Promotion de la sant\u00e9 mentale des collaborateurs sur le lieu de travail<\/span><\/div><div class=\"card c60\"><h3><img decoding=\"async\" src=\"https:\/\/www.novaacademy.ch\/wp-content\/uploads\/2024\/12\/brain_4135383.svg\" alt=\"Entra\u00eenement mental pour sportifs\">Entra\u00eenement mental pour sportifs<\/h3><span>Renforcement de la force mentale sp\u00e9cifique aux sportifs<\/span><\/div><div class=\"card c61\"><h3><img decoding=\"async\" src=\"https:\/\/www.novaacademy.ch\/wp-content\/uploads\/2024\/12\/coaching_2586975.svg\" alt=\"Formation \u00e0 la vente sur le terrain\">Formation \u00e0 la vente sur le terrain<\/h3><span>Strat\u00e9gies et techniques efficaces pour le contact direct avec le client.<\/span><\/div><div class=\"card c61\"><h3><img decoding=\"async\" src=\"https:\/\/www.novaacademy.ch\/wp-content\/uploads\/2024\/12\/support_4429769.svg\" alt=\"Formation \u00e0 la vente interne\">Formation \u00e0 la vente interne<\/h3><span>Optimisation des processus de vente et du service client interne.<\/span><\/div><div class=\"card c61\"><h3><img decoding=\"async\" src=\"https:\/\/www.novaacademy.ch\/wp-content\/uploads\/2024\/12\/motivated_16806266.svg\" alt=\"Formation \u00e0 la collaboration entre le service commercial interne et externe\">Formation \u00e0 la collaboration entre le service commercial interne et externe<\/h3><span>Renforcement du travail d'\u00e9quipe pour un succ\u00e8s commercial maximal.<\/span><\/div><div class=\"card c62\"><h3><img decoding=\"async\" src=\"https:\/\/www.novaacademy.ch\/wp-content\/uploads\/2024\/12\/leadership_860398.svg\" alt=\"Leadership\">Leadership<\/h3><span>D\u00e9velopper les aptitudes et les comp\u00e9tences en mati\u00e8re de leadership afin de diriger des \u00e9quipes avec succ\u00e8s.<\/span><\/div><div class=\"card c62\"><h3><img decoding=\"async\" src=\"https:\/\/www.novaacademy.ch\/wp-content\/uploads\/2024\/12\/partner_17541107.svg\" alt=\"Teamcoaching\">Teamcoaching<\/h3><span>Encourager la dynamique d'\u00e9quipe et la coop\u00e9ration pour obtenir de meilleurs r\u00e9sultats.<\/span><\/div><div class=\"card c62\"><h3><img decoding=\"async\" src=\"https:\/\/www.novaacademy.ch\/wp-content\/uploads\/2024\/12\/agile-team_8759226.svg\" alt=\"Direction agile \u2013 Th\u00e8mes de direction Leadership\">Direction agile \u2013 Th\u00e8mes de direction Leadership<\/h3><span>Approches modernes pour une gestion efficace dans des environnements dynamiques.<\/span><\/div><\/div>\n\n<p>Contactez-nous et laissez-nous concevoir un programme personnalis\u00e9, parfaitement adapt\u00e9 aux besoins de votre entreprise.<\/p>\n\n<div class=\"wp-block-buttons is-layout-flex wp-block-buttons-is-layout-flex\">\n<div class=\"wp-block-button toggle_popover\"><a class=\"wp-block-button__link wp-element-button\" href=\"https:\/\/www.novaacademy.ch\/fr\/entrez-en-contact-maintenant\/\">Contacter maintenant<\/a><\/div>\n<\/div>\n\n<p><\/p>\n","protected":false},"excerpt":{"rendered":"<p>Gr\u00e2ce \u00e0 l&rsquo;expertise combin\u00e9e de plus de 10 \u00e9coles r\u00e9parties sur plus de 20 sites en Suisse, nous proposons des solutions compl\u00e8tes et cibl\u00e9es sur les besoins de votre entreprise. D\u00e9couvrez notre expertise dans les domaines suivants : Contactez-nous et laissez-nous concevoir un programme personnalis\u00e9, parfaitement adapt\u00e9 aux besoins de votre entreprise.<\/p>\n","protected":false},"author":14,"featured_media":3912,"parent":0,"menu_order":0,"comment_status":"closed","ping_status":"closed","template":"","meta":{"_acf_changed":false,"footnotes":""},"class_list":["post-3915","page","type-page","status-publish","has-post-thumbnail","hentry"],"acf":[],"_links":{"self":[{"href":"https:\/\/www.novaacademy.ch\/fr\/wp-json\/wp\/v2\/pages\/3915","targetHints":{"allow":["GET"]}}],"collection":[{"href":"https:\/\/www.novaacademy.ch\/fr\/wp-json\/wp\/v2\/pages"}],"about":[{"href":"https:\/\/www.novaacademy.ch\/fr\/wp-json\/wp\/v2\/types\/page"}],"author":[{"embeddable":true,"href":"https:\/\/www.novaacademy.ch\/fr\/wp-json\/wp\/v2\/users\/14"}],"replies":[{"embeddable":true,"href":"https:\/\/www.novaacademy.ch\/fr\/wp-json\/wp\/v2\/comments?post=3915"}],"version-history":[{"count":0,"href":"https:\/\/www.novaacademy.ch\/fr\/wp-json\/wp\/v2\/pages\/3915\/revisions"}],"wp:featuredmedia":[{"embeddable":true,"href":"https:\/\/www.novaacademy.ch\/fr\/wp-json\/wp\/v2\/media\/3912"}],"wp:attachment":[{"href":"https:\/\/www.novaacademy.ch\/fr\/wp-json\/wp\/v2\/media?parent=3915"}],"curies":[{"name":"wp","href":"https:\/\/api.w.org\/{rel}","templated":true}]}}