{"id":3910,"date":"2025-04-02T18:11:53","date_gmt":"2025-04-02T16:11:53","guid":{"rendered":"https:\/\/www.novaacademy.ch\/a-propos-de-nous\/"},"modified":"2026-02-23T16:30:29","modified_gmt":"2026-02-23T15:30:29","slug":"a-propos-de-nous","status":"publish","type":"page","link":"https:\/\/www.novaacademy.ch\/fr\/a-propos-de-nous\/","title":{"rendered":"A propos de nous"},"content":{"rendered":"\n<div class=\"wp-block-columns is-layout-flex wp-container-core-columns-is-layout-9d6595d7 wp-block-columns-is-layout-flex\">\n<div class=\"wp-block-column is-layout-flow wp-block-column-is-layout-flow\" style=\"flex-basis:66.66%\">\n<p>La Nova Academy aspire \u00e0 \u00eatre la r\u00e9f\u00e9rence en mati\u00e8re de solutions de formation continue innovantes, personnalis\u00e9es et d&rsquo;excellente qualit\u00e9 en Suisse. Gr\u00e2ce \u00e0 notre expertise combin\u00e9e et \u00e0 nos concepts de formation ax\u00e9s sur les clients, nous favorisons le d\u00e9veloppement durable des entreprises et de leurs collaborateurs, pour un avenir o\u00f9 l&rsquo;apprentissage tout au long de la vie est la cl\u00e9 du succ\u00e8s.<\/p>\n\n\n\n<p><strong>Notre mission<\/strong> est d&rsquo;offrir des programmes de formation continue sur mesure, parfaitement adapt\u00e9s aux besoins de nos clients, en combinant le savoir-faire de 10 organismes de formation renomm\u00e9s. Gr\u00e2ce \u00e0 des formats d&rsquo;apprentissage flexibles, un service personnalis\u00e9 et une expertise orient\u00e9e vers la pratique, nous accompagnons les entreprises et leurs collaborateurs sur la voie d&rsquo;un apprentissage durable. Nous cr\u00e9ons des offres de formation continue qui ne se contentent pas de transmettre des connaissances, mais garantissent \u00e9galement un succ\u00e8s \u00e0 long terme.<\/p>\n<\/div>\n\n\n\n<div class=\"wp-block-column is-layout-flow wp-block-column-is-layout-flow\" style=\"flex-basis:33.33%\">\n<div class=\"wp-block-buttons is-vertical is-content-justification-stretch is-layout-flex wp-container-core-buttons-is-layout-b16ad781 wp-block-buttons-is-layout-flex\">\n<div class=\"wp-block-button\"><a class=\"wp-block-button__link wp-element-button\" href=\"#Notre-equipe\">Notre \u00e9quipe<\/a><\/div>\n\n\n\n<div class=\"wp-block-button\"><a class=\"wp-block-button__link wp-element-button\" href=\"https:\/\/www.novaacademy.ch\/wp-content\/uploads\/2025\/04\/Leitbild_FR.pdf\" target=\"_blank\" rel=\"noreferrer noopener\">Notre philosophie<\/a><\/div>\n\n\n\n<div class=\"wp-block-button\"><a class=\"wp-block-button__link wp-element-button\" href=\"https:\/\/www.vantage.ch\/stellenportal\/\" target=\"_blank\" rel=\"noreferrer noopener\">Portail de l\u2019emploi \u2924<\/a><\/div>\n<\/div>\n<\/div>\n<\/div>\n\n\n\n<div style=\"height:2em\" aria-hidden=\"true\" class=\"wp-block-spacer\"><\/div>\n\n\n\n<h2 class=\"wp-block-heading\" id=\"Notre-equipe\">Notre \u00e9quipe<\/h2>\n\n\n\t\t<section>\n\t\t\t<div class=\"container pb-5\">\n\t\t\t\t\n\t\t\t\t<div class=\"row\">   \n\t\t\t\t\t\n\t\t\t\t\t<div class=\"col-md-6 col-lg-3 mb-4\">\n\t\t\t\t\t\t<figure class=\"member\">\n\t\t\t\t\t\t\t\t\t\t\t\t\t\t<a class=\"blockbtn\" href=\"mailto:&#100;&#97;&#110;&#105;&#101;&#108;&#46;&#110;&#117;&#115;&#115;&#98;&#97;&#117;&#109;&#101;&#114;&#64;&#118;&#97;&#110;&#116;&#97;&#103;&#101;&#46;&#99;&#104;\" title=\"Nova Academy - E-Mail: Daniel Nussbaumer\"><\/a>\n\t\t\t\t\t\t\t\t\t\t\t\t\t\t<img decoding=\"async\" src=\"https:\/\/www.novaacademy.ch\/wp-content\/uploads\/2024\/12\/Daniel-Nussbaumer-scaled.jpg\" class=\"img-fluid w-100\" alt=\"Nova Academy - Daniel Nussbaumer\">\n\t\t\t\t\t\t\t<figcaption>\n\t\t\t\t\t\t\t\t\t\t\t\t\t\t\t\t<a href=\"mailto:&#100;&#97;&#110;&#105;&#101;&#108;&#46;&#110;&#117;&#115;&#115;&#98;&#97;&#117;&#109;&#101;&#114;&#64;&#118;&#97;&#110;&#116;&#97;&#103;&#101;&#46;&#99;&#104;\" title=\"Nova Academy - E-Mail: Daniel Nussbaumer\">\n\t\t\t\t\t\t\t\t\t@ Daniel Nussbaumer<\/a>\n\t\t\t\t\t\t\t\t\t\t\t\t\t\t\t\t<b>\n\t\t\t\t\t\t\t\t\tExecutive Director\t\t\t\t\t\t\t\t<\/b>\n\t\t\t\t\t\t\t\t\t\t\t\t\t\t\t<\/figcaption>\n\t\t\t\t\t\t<\/figure>\n\t\t\t\t\t<\/div>\n\n\t\t\t\t\n\t\t\t\t\t<div class=\"col-md-6 col-lg-3 mb-4\">\n\t\t\t\t\t\t<figure class=\"member\">\n\t\t\t\t\t\t\t\t\t\t\t\t\t\t<a class=\"blockbtn\" href=\"mailto:&#115;&#111;&#112;&#104;&#105;&#101;&#46;&#98;&#117;&#99;&#104;&#109;&#97;&#110;&#110;&#64;&#118;&#97;&#110;&#116;&#97;&#103;&#101;&#46;&#99;&#104;\" title=\"Nova Academy - E-Mail: Sophie Buchmann\"><\/a>\n\t\t\t\t\t\t\t\t\t\t\t\t\t\t<img decoding=\"async\" src=\"https:\/\/www.novaacademy.ch\/wp-content\/uploads\/2024\/12\/Sophie-Buchmann-scaled.jpg\" class=\"img-fluid w-100\" alt=\"Nova Academy - Sophie Buchmann\">\n\t\t\t\t\t\t\t<figcaption>\n\t\t\t\t\t\t\t\t\t\t\t\t\t\t\t\t<a href=\"mailto:&#115;&#111;&#112;&#104;&#105;&#101;&#46;&#98;&#117;&#99;&#104;&#109;&#97;&#110;&#110;&#64;&#118;&#97;&#110;&#116;&#97;&#103;&#101;&#46;&#99;&#104;\" title=\"Nova Academy - E-Mail: Sophie Buchmann\">\n\t\t\t\t\t\t\t\t\t@ Sophie Buchmann<\/a>\n\t\t\t\t\t\t\t\t\t\t\t\t\t\t\t\t<b>\n\t\t\t\t\t\t\t\t\tChief Marketing Growth Officer\t\t\t\t\t\t\t\t<\/b>\n\t\t\t\t\t\t\t\t\t\t\t\t\t\t\t<\/figcaption>\n\t\t\t\t\t\t<\/figure>\n\t\t\t\t\t<\/div>\n\n\t\t\t\t\n\t\t\t\t\t<div class=\"col-md-6 col-lg-3 mb-4\">\n\t\t\t\t\t\t<figure class=\"member\">\n\t\t\t\t\t\t\t\t\t\t\t\t\t\t<a class=\"blockbtn\" href=\"mailto:&#109;&#105;&#99;&#104;&#97;&#101;&#108;&#46;&#115;&#101;&#103;&#114;&#97;&#100;&#97;&#64;&#104;&#115;&#111;&#46;&#99;&#104;\" title=\"Nova Academy - E-Mail: Michael Segrada\"><\/a>\n\t\t\t\t\t\t\t\t\t\t\t\t\t\t<img decoding=\"async\" src=\"https:\/\/www.novaacademy.ch\/wp-content\/uploads\/2024\/12\/Segrada-Michael_bearbeitet-scaled.jpg\" class=\"img-fluid w-100\" alt=\"Nova Academy - Michael Segrada\">\n\t\t\t\t\t\t\t<figcaption>\n\t\t\t\t\t\t\t\t\t\t\t\t\t\t\t\t<a href=\"mailto:&#109;&#105;&#99;&#104;&#97;&#101;&#108;&#46;&#115;&#101;&#103;&#114;&#97;&#100;&#97;&#64;&#104;&#115;&#111;&#46;&#99;&#104;\" title=\"Nova Academy - E-Mail: Michael Segrada\">\n\t\t\t\t\t\t\t\t\t@ Michael Segrada<\/a>\n\t\t\t\t\t\t\t\t\t\t\t\t\t\t\t\t<b>\n\t\t\t\t\t\t\t\t\tDirector\t\t\t\t\t\t\t\t<\/b>\n\t\t\t\t\t\t\t\t\t\t\t\t\t\t\t<\/figcaption>\n\t\t\t\t\t\t<\/figure>\n\t\t\t\t\t<\/div>\n\n\t\t\t\t\n\t\t\t\t\t<div class=\"col-md-6 col-lg-3 mb-4\">\n\t\t\t\t\t\t<figure class=\"member\">\n\t\t\t\t\t\t\t\t\t\t\t\t\t\t<a class=\"blockbtn\" href=\"mailto:&#97;&#110;&#110;&#97;&#46;&#104;&#101;&#117;&#115;&#115;&#101;&#114;&#64;&#104;&#115;&#111;&#46;&#99;&#104;\" title=\"Nova Academy - E-Mail: Anna Heusser\"><\/a>\n\t\t\t\t\t\t\t\t\t\t\t\t\t\t<img decoding=\"async\" src=\"https:\/\/www.novaacademy.ch\/wp-content\/uploads\/2025\/02\/Anna-Heusser_0948_bearbeitet-scaled.jpg\" class=\"img-fluid w-100\" alt=\"Nova Academy - Anna Heusser\">\n\t\t\t\t\t\t\t<figcaption>\n\t\t\t\t\t\t\t\t\t\t\t\t\t\t\t\t<a href=\"mailto:&#97;&#110;&#110;&#97;&#46;&#104;&#101;&#117;&#115;&#115;&#101;&#114;&#64;&#104;&#115;&#111;&#46;&#99;&#104;\" title=\"Nova Academy - E-Mail: Anna Heusser\">\n\t\t\t\t\t\t\t\t\t@ Anna Heusser<\/a>\n\t\t\t\t\t\t\t\t\t\t\t\t\t\t\t\t<b>\n\t\t\t\t\t\t\t\t\tDirector Operations, Membre du comit\u00e9 directeur de l'ASFC\t\t\t\t\t\t\t\t<\/b>\n\t\t\t\t\t\t\t\t\t\t\t\t\t\t\t<\/figcaption>\n\t\t\t\t\t\t<\/figure>\n\t\t\t\t\t<\/div>\n\n\t\t\t\t\n\t\t\t\t\t<div class=\"col-md-6 col-lg-3 mb-4\">\n\t\t\t\t\t\t<figure class=\"member\">\n\t\t\t\t\t\t\t\t\t\t\t\t\t\t<a class=\"blockbtn\" href=\"mailto:&#112;&#97;&#115;&#99;&#97;&#108;&#46;&#98;&#114;&#117;&#112;&#98;&#97;&#99;&#104;&#101;&#114;&#64;&#110;&#111;&#118;&#97;&#97;&#99;&#97;&#100;&#101;&#109;&#121;&#46;&#99;&#104;\" title=\"Nova Academy - E-Mail: Pascal Brupbacher\"><\/a>\n\t\t\t\t\t\t\t\t\t\t\t\t\t\t<img decoding=\"async\" src=\"https:\/\/www.novaacademy.ch\/wp-content\/uploads\/2024\/12\/Pascal-Brupbacher_422_bearbeitet-scaled.jpg\" class=\"img-fluid w-100\" alt=\"Nova Academy - Pascal Brupbacher\">\n\t\t\t\t\t\t\t<figcaption>\n\t\t\t\t\t\t\t\t\t\t\t\t\t\t\t\t<a href=\"mailto:&#112;&#97;&#115;&#99;&#97;&#108;&#46;&#98;&#114;&#117;&#112;&#98;&#97;&#99;&#104;&#101;&#114;&#64;&#110;&#111;&#118;&#97;&#97;&#99;&#97;&#100;&#101;&#109;&#121;&#46;&#99;&#104;\" title=\"Nova Academy - E-Mail: Pascal Brupbacher\">\n\t\t\t\t\t\t\t\t\t@ Pascal Brupbacher<\/a>\n\t\t\t\t\t\t\t\t\t\t\t\t\t\t\t\t<b>\n\t\t\t\t\t\t\t\t\tCustomer Success Manager\t\t\t\t\t\t\t\t<\/b>\n\t\t\t\t\t\t\t\t\t\t\t\t\t\t\t<\/figcaption>\n\t\t\t\t\t\t<\/figure>\n\t\t\t\t\t<\/div>\n\n\t\t\t\t\n\t\t\t\t\t<div class=\"col-md-6 col-lg-3 mb-4\">\n\t\t\t\t\t\t<figure class=\"member\">\n\t\t\t\t\t\t\t\t\t\t\t\t\t\t<a class=\"blockbtn\" href=\"mailto:&#114;&#111;&#109;&#97;&#110;&#100;&#105;&#101;&#64;&#110;&#111;&#118;&#97;&#97;&#99;&#97;&#100;&#101;&#109;&#121;&#46;&#99;&#104;\" title=\"Nova Academy - E-Mail: Thomas Geny\"><\/a>\n\t\t\t\t\t\t\t\t\t\t\t\t\t\t<img decoding=\"async\" src=\"https:\/\/www.novaacademy.ch\/wp-content\/uploads\/2025\/02\/Thomas-Geny-2025.png\" class=\"img-fluid w-100\" alt=\"Nova Academy - Thomas Geny\">\n\t\t\t\t\t\t\t<figcaption>\n\t\t\t\t\t\t\t\t\t\t\t\t\t\t\t\t<a href=\"mailto:&#114;&#111;&#109;&#97;&#110;&#100;&#105;&#101;&#64;&#110;&#111;&#118;&#97;&#97;&#99;&#97;&#100;&#101;&#109;&#121;&#46;&#99;&#104;\" title=\"Nova Academy - E-Mail: Thomas Geny\">\n\t\t\t\t\t\t\t\t\t@ Thomas Geny<\/a>\n\t\t\t\t\t\t\t\t\t\t\t\t\t\t\t\t<b>\n\t\t\t\t\t\t\t\t\tCustomer Success Manager Romandie\t\t\t\t\t\t\t\t<\/b>\n\t\t\t\t\t\t\t\t\t\t\t\t\t\t\t<\/figcaption>\n\t\t\t\t\t\t<\/figure>\n\t\t\t\t\t<\/div>\n\n\t\t\t\t\n\t\t\t\t\t<div class=\"col-md-6 col-lg-3 mb-4\">\n\t\t\t\t\t\t<figure class=\"member\">\n\t\t\t\t\t\t\t\t\t\t\t\t\t\t<a class=\"blockbtn\" href=\"mailto:&#101;&#110;&#101;&#97;&#46;&#110;&#97;&#112;&#111;&#108;&#101;&#116;&#97;&#110;&#111;&#64;&#104;&#115;&#111;&#46;&#99;&#104;\" title=\"Nova Academy - E-Mail: Enea Domenico Napoletano\"><\/a>\n\t\t\t\t\t\t\t\t\t\t\t\t\t\t<img decoding=\"async\" src=\"https:\/\/www.novaacademy.ch\/wp-content\/uploads\/2025\/03\/Enea-Napoletano_1922_bearbeitet-scaled.jpg\" class=\"img-fluid w-100\" alt=\"Nova Academy - Enea Domenico Napoletano\">\n\t\t\t\t\t\t\t<figcaption>\n\t\t\t\t\t\t\t\t\t\t\t\t\t\t\t\t<a href=\"mailto:&#101;&#110;&#101;&#97;&#46;&#110;&#97;&#112;&#111;&#108;&#101;&#116;&#97;&#110;&#111;&#64;&#104;&#115;&#111;&#46;&#99;&#104;\" title=\"Nova Academy - E-Mail: Enea Domenico Napoletano\">\n\t\t\t\t\t\t\t\t\t@ Enea Domenico Napoletano<\/a>\n\t\t\t\t\t\t\t\t\t\t\t\t\t\t\t\t<b>\n\t\t\t\t\t\t\t\t\tConseiller aux \u00e9tudes\t\t\t\t\t\t\t\t<\/b>\n\t\t\t\t\t\t\t\t\t\t\t\t\t\t\t<\/figcaption>\n\t\t\t\t\t\t<\/figure>\n\t\t\t\t\t<\/div>\n\n\t\t\t\t\n\t\t\t\t\t<div class=\"col-md-6 col-lg-3 mb-4\">\n\t\t\t\t\t\t<figure class=\"member\">\n\t\t\t\t\t\t\t\t\t\t\t\t\t\t<a class=\"blockbtn\" href=\"mailto:&#109;&#101;&#100;&#105;&#46;&#97;&#115;&#108;&#97;&#110;&#64;&#98;&#118;&#115;&#98;&#115;&#101;&#114;&#118;&#105;&#99;&#101;&#115;&#46;&#99;&#104;\" title=\"Nova Academy - E-Mail: Medi Aslan\"><\/a>\n\t\t\t\t\t\t\t\t\t\t\t\t\t\t<img decoding=\"async\" src=\"https:\/\/www.novaacademy.ch\/wp-content\/uploads\/2024\/12\/Medi_Aslan_neu.jpg\" class=\"img-fluid w-100\" alt=\"Nova Academy - Medi Aslan\">\n\t\t\t\t\t\t\t<figcaption>\n\t\t\t\t\t\t\t\t\t\t\t\t\t\t\t\t<a href=\"mailto:&#109;&#101;&#100;&#105;&#46;&#97;&#115;&#108;&#97;&#110;&#64;&#98;&#118;&#115;&#98;&#115;&#101;&#114;&#118;&#105;&#99;&#101;&#115;&#46;&#99;&#104;\" title=\"Nova Academy - E-Mail: Medi Aslan\">\n\t\t\t\t\t\t\t\t\t@ Medi Aslan<\/a>\n\t\t\t\t\t\t\t\t\t\t\t\t\t\t\t\t<b>\n\t\t\t\t\t\t\t\t\tHead of Services\t\t\t\t\t\t\t\t<\/b>\n\t\t\t\t\t\t\t\t\t\t\t\t\t\t\t<\/figcaption>\n\t\t\t\t\t\t<\/figure>\n\t\t\t\t\t<\/div>\n\n\t\t\t\t\n\t\t\t\t\t<div class=\"col-md-6 col-lg-3 mb-4\">\n\t\t\t\t\t\t<figure class=\"member\">\n\t\t\t\t\t\t\t\t\t\t\t\t\t\t<a class=\"blockbtn\" href=\"mailto:&#97;&#108;&#101;&#120;&#105;&#97;&#46;&#98;&#101;&#114;&#116;&#115;&#99;&#104;&#105;&#64;&#118;&#97;&#110;&#116;&#97;&#103;&#101;&#46;&#99;&#104;\" title=\"Nova Academy - E-Mail: Alexia Bertschi\"><\/a>\n\t\t\t\t\t\t\t\t\t\t\t\t\t\t<img decoding=\"async\" src=\"https:\/\/www.novaacademy.ch\/wp-content\/uploads\/2024\/12\/Alexia-Bertschi-scaled.jpg\" class=\"img-fluid w-100\" alt=\"Nova Academy - Alexia Bertschi\">\n\t\t\t\t\t\t\t<figcaption>\n\t\t\t\t\t\t\t\t\t\t\t\t\t\t\t\t<a href=\"mailto:&#97;&#108;&#101;&#120;&#105;&#97;&#46;&#98;&#101;&#114;&#116;&#115;&#99;&#104;&#105;&#64;&#118;&#97;&#110;&#116;&#97;&#103;&#101;&#46;&#99;&#104;\" title=\"Nova Academy - E-Mail: Alexia Bertschi\">\n\t\t\t\t\t\t\t\t\t@ Alexia Bertschi<\/a>\n\t\t\t\t\t\t\t\t\t\t\t\t\t\t\t\t<b>\n\t\t\t\t\t\t\t\t\tHead of Content Development\t\t\t\t\t\t\t\t<\/b>\n\t\t\t\t\t\t\t\t\t\t\t\t\t\t\t<\/figcaption>\n\t\t\t\t\t\t<\/figure>\n\t\t\t\t\t<\/div>\n\n\t\t\t\t\n\t\t\t\t\t<div class=\"col-md-6 col-lg-3 mb-4\">\n\t\t\t\t\t\t<figure class=\"member\">\n\t\t\t\t\t\t\t\t\t\t\t\t\t\t<a class=\"blockbtn\" href=\"mailto:&#97;&#110;&#100;&#114;&#101;&#46;&#100;&#117;&#114;&#114;&#101;&#114;&#64;&#118;&#97;&#110;&#116;&#97;&#103;&#101;&#46;&#99;&#104;\" title=\"Nova Academy - E-Mail: Andr\u00e9 Durrer\"><\/a>\n\t\t\t\t\t\t\t\t\t\t\t\t\t\t<img decoding=\"async\" src=\"https:\/\/www.novaacademy.ch\/wp-content\/uploads\/2025\/03\/Andre-Durrer_0012_bearbeitet-scaled.jpg\" class=\"img-fluid w-100\" alt=\"Nova Academy - Andr\u00e9 Durrer\">\n\t\t\t\t\t\t\t<figcaption>\n\t\t\t\t\t\t\t\t\t\t\t\t\t\t\t\t<a href=\"mailto:&#97;&#110;&#100;&#114;&#101;&#46;&#100;&#117;&#114;&#114;&#101;&#114;&#64;&#118;&#97;&#110;&#116;&#97;&#103;&#101;&#46;&#99;&#104;\" title=\"Nova Academy - E-Mail: Andr\u00e9 Durrer\">\n\t\t\t\t\t\t\t\t\t@ Andr\u00e9 Durrer<\/a>\n\t\t\t\t\t\t\t\t\t\t\t\t\t\t\t\t<b>\n\t\t\t\t\t\t\t\t\tHead of Education Business\t\t\t\t\t\t\t\t<\/b>\n\t\t\t\t\t\t\t\t\t\t\t\t\t\t\t<\/figcaption>\n\t\t\t\t\t\t<\/figure>\n\t\t\t\t\t<\/div>\n\n\t\t\t\t\n\t\t\t\t\t<div class=\"col-md-6 col-lg-3 mb-4\">\n\t\t\t\t\t\t<figure class=\"member\">\n\t\t\t\t\t\t\t\t\t\t\t\t\t\t<a class=\"blockbtn\" href=\"mailto:&#109;&#97;&#114;&#107;&#117;&#115;&#46;&#109;&#101;&#110;&#103;&#101;&#114;&#116;&#64;&#118;&#97;&#110;&#116;&#97;&#103;&#101;&#46;&#99;&#104;\" title=\"Nova Academy - E-Mail: Markus Mengert\"><\/a>\n\t\t\t\t\t\t\t\t\t\t\t\t\t\t<img decoding=\"async\" src=\"https:\/\/www.novaacademy.ch\/wp-content\/uploads\/2024\/12\/Markus-Mengert-scaled.jpg\" class=\"img-fluid w-100\" alt=\"Nova Academy - Markus Mengert\">\n\t\t\t\t\t\t\t<figcaption>\n\t\t\t\t\t\t\t\t\t\t\t\t\t\t\t\t<a href=\"mailto:&#109;&#97;&#114;&#107;&#117;&#115;&#46;&#109;&#101;&#110;&#103;&#101;&#114;&#116;&#64;&#118;&#97;&#110;&#116;&#97;&#103;&#101;&#46;&#99;&#104;\" title=\"Nova Academy - E-Mail: Markus Mengert\">\n\t\t\t\t\t\t\t\t\t@ Markus Mengert<\/a>\n\t\t\t\t\t\t\t\t\t\t\t\t\t\t\t\t<b>\n\t\t\t\t\t\t\t\t\tHead of Education Health\t\t\t\t\t\t\t\t<\/b>\n\t\t\t\t\t\t\t\t\t\t\t\t\t\t\t<\/figcaption>\n\t\t\t\t\t\t<\/figure>\n\t\t\t\t\t<\/div>\n\n\t\t\t\t\n\t\t\t\t\t<div class=\"col-md-6 col-lg-3 mb-4\">\n\t\t\t\t\t\t<figure class=\"member\">\n\t\t\t\t\t\t\t\t\t\t\t\t\t\t<a class=\"blockbtn\" href=\"mailto:&#112;&#97;&#115;&#99;&#97;&#108;&#46;&#107;&#97;&#105;&#115;&#101;&#114;&#64;&#118;&#97;&#110;&#116;&#97;&#103;&#101;&#46;&#99;&#104;\" title=\"Nova Academy - E-Mail: Pascal Kaiser\"><\/a>\n\t\t\t\t\t\t\t\t\t\t\t\t\t\t<img decoding=\"async\" src=\"https:\/\/www.novaacademy.ch\/wp-content\/uploads\/2024\/12\/Pascal-Kaiser-scaled.jpg\" class=\"img-fluid w-100\" alt=\"Nova Academy - Pascal Kaiser\">\n\t\t\t\t\t\t\t<figcaption>\n\t\t\t\t\t\t\t\t\t\t\t\t\t\t\t\t<a href=\"mailto:&#112;&#97;&#115;&#99;&#97;&#108;&#46;&#107;&#97;&#105;&#115;&#101;&#114;&#64;&#118;&#97;&#110;&#116;&#97;&#103;&#101;&#46;&#99;&#104;\" title=\"Nova Academy - E-Mail: Pascal Kaiser\">\n\t\t\t\t\t\t\t\t\t@ Pascal Kaiser<\/a>\n\t\t\t\t\t\t\t\t\t\t\t\t\t\t\t\t<b>\n\t\t\t\t\t\t\t\t\tDigital Education & System Director\t\t\t\t\t\t\t\t<\/b>\n\t\t\t\t\t\t\t\t\t\t\t\t\t\t\t<\/figcaption>\n\t\t\t\t\t\t<\/figure>\n\t\t\t\t\t<\/div>\n\n\t\t\t\t\n\t\t\t\t\t<div class=\"col-md-6 col-lg-3 mb-4\">\n\t\t\t\t\t\t<figure class=\"member\">\n\t\t\t\t\t\t\t\t\t\t\t\t\t\t<a class=\"blockbtn\" href=\"mailto:&#116;&#104;&#105;&#108;&#100;&#101;&#46;&#98;&#111;&#101;&#115;&#101;&#110;&#64;&#118;&#97;&#110;&#116;&#97;&#103;&#101;&#46;&#99;&#104;\" title=\"Nova Academy - E-Mail: Thilde Boesen\"><\/a>\n\t\t\t\t\t\t\t\t\t\t\t\t\t\t<img decoding=\"async\" src=\"https:\/\/www.novaacademy.ch\/wp-content\/uploads\/2025\/01\/Tilde-Boesen-1-scaled.jpg\" class=\"img-fluid w-100\" alt=\"Nova Academy - Thilde Boesen\">\n\t\t\t\t\t\t\t<figcaption>\n\t\t\t\t\t\t\t\t\t\t\t\t\t\t\t\t<a href=\"mailto:&#116;&#104;&#105;&#108;&#100;&#101;&#46;&#98;&#111;&#101;&#115;&#101;&#110;&#64;&#118;&#97;&#110;&#116;&#97;&#103;&#101;&#46;&#99;&#104;\" title=\"Nova Academy - E-Mail: Thilde Boesen\">\n\t\t\t\t\t\t\t\t\t@ Thilde Boesen<\/a>\n\t\t\t\t\t\t\t\t\t\t\t\t\t\t\t\t<b>\n\t\t\t\t\t\t\t\t\tDigital Education Director\t\t\t\t\t\t\t\t<\/b>\n\t\t\t\t\t\t\t\t\t\t\t\t\t\t\t<\/figcaption>\n\t\t\t\t\t\t<\/figure>\n\t\t\t\t\t<\/div>\n\n\t\t\t\t  \n\t\t\t\t\t<\/div>\n\t\t\t\t<\/div>\n\t\t<\/section>\n\t\n\n\n\n<div class=\"wp-block-buttons is-layout-flex wp-block-buttons-is-layout-flex\"><\/div>\n\n\n\n<p><\/p>\n","protected":false},"excerpt":{"rendered":"<p>La Nova Academy aspire \u00e0 \u00eatre la r\u00e9f\u00e9rence en mati\u00e8re de solutions de formation continue innovantes, personnalis\u00e9es et d&rsquo;excellente qualit\u00e9 en Suisse. Gr\u00e2ce \u00e0 notre expertise combin\u00e9e et \u00e0 nos concepts de formation ax\u00e9s sur les clients, nous favorisons le d\u00e9veloppement durable des entreprises et de leurs collaborateurs, pour un avenir o\u00f9 l&rsquo;apprentissage tout au [&hellip;]<\/p>\n","protected":false},"author":14,"featured_media":3911,"parent":0,"menu_order":0,"comment_status":"closed","ping_status":"closed","template":"","meta":{"_acf_changed":false,"footnotes":""},"class_list":["post-3910","page","type-page","status-publish","has-post-thumbnail","hentry"],"acf":[],"_links":{"self":[{"href":"https:\/\/www.novaacademy.ch\/fr\/wp-json\/wp\/v2\/pages\/3910","targetHints":{"allow":["GET"]}}],"collection":[{"href":"https:\/\/www.novaacademy.ch\/fr\/wp-json\/wp\/v2\/pages"}],"about":[{"href":"https:\/\/www.novaacademy.ch\/fr\/wp-json\/wp\/v2\/types\/page"}],"author":[{"embeddable":true,"href":"https:\/\/www.novaacademy.ch\/fr\/wp-json\/wp\/v2\/users\/14"}],"replies":[{"embeddable":true,"href":"https:\/\/www.novaacademy.ch\/fr\/wp-json\/wp\/v2\/comments?post=3910"}],"version-history":[{"count":1,"href":"https:\/\/www.novaacademy.ch\/fr\/wp-json\/wp\/v2\/pages\/3910\/revisions"}],"predecessor-version":[{"id":4804,"href":"https:\/\/www.novaacademy.ch\/fr\/wp-json\/wp\/v2\/pages\/3910\/revisions\/4804"}],"wp:featuredmedia":[{"embeddable":true,"href":"https:\/\/www.novaacademy.ch\/fr\/wp-json\/wp\/v2\/media\/3911"}],"wp:attachment":[{"href":"https:\/\/www.novaacademy.ch\/fr\/wp-json\/wp\/v2\/media?parent=3910"}],"curies":[{"name":"wp","href":"https:\/\/api.w.org\/{rel}","templated":true}]}}