{"id":3907,"date":"2025-04-02T18:10:50","date_gmt":"2025-04-02T16:10:50","guid":{"rendered":"https:\/\/www.novaacademy.ch\/notre-offre\/"},"modified":"2025-05-28T13:14:06","modified_gmt":"2025-05-28T11:14:06","slug":"offre","status":"publish","type":"page","link":"https:\/\/www.novaacademy.ch\/fr\/offre\/","title":{"rendered":"Notre offre"},"content":{"rendered":"\n<p>Nos services comprennent<\/p>\n\n\n\n<ul class=\"wp-block-list\">\n<li><strong>Programmes de formation personnalis\u00e9s :<\/strong> Nous travaillons en \u00e9troite collaboration avec vous pour identifier les besoins de formation sp\u00e9cifiques et d\u00e9velopper des programmes sur mesure qui r\u00e9pondent exactement aux exigences de votre entreprise.<\/li>\n\n\n\n<li><strong>Expertise et exp\u00e9rience :<\/strong> en regroupant l&rsquo;expertise de 10 organismes de formation de premier plan, vous b\u00e9n\u00e9ficiez d&rsquo;un large \u00e9ventail de connaissances sp\u00e9cialis\u00e9es et d&rsquo;approches d&rsquo;apprentissage innovantes. Notre \u00e9quipe est compos\u00e9e de professionnels chevronn\u00e9s et d&rsquo;experts du secteur qui mettent \u00e0 profit leur vaste exp\u00e9rience et leurs connaissances pour proposer un contenu de formation de qualit\u00e9 et faire progresser vos collaborateurs de mani\u00e8re optimale. <\/li>\n\n\n\n<li><strong>Un service ax\u00e9 sur les participants :<\/strong> nous pla\u00e7ons les besoins des participants au centre de nos pr\u00e9occupations. Nous attachons une grande importance \u00e0 une collaboration \u00e9troite avec vous et vos collaborateurs afin de garantir que nos formations soient efficaces et pratiques. <\/li>\n\n\n\n<li><strong>Des formats d&rsquo;apprentissage flexibles :<\/strong> Pour r\u00e9pondre aux diff\u00e9rents besoins de votre entreprise, nous proposons une grande vari\u00e9t\u00e9 de formats d&rsquo;apprentissage, y compris des cours en classe, des formations en ligne et des solutions hybrides.<\/li>\n\n\n\n<li><strong>Des r\u00e9sultats d&rsquo;apprentissage durables :<\/strong> notre approche ne vise pas seulement des succ\u00e8s \u00e0 court terme, mais des progr\u00e8s d&rsquo;apprentissage durables. Nous accompagnons vos employ\u00e9s tout au long du processus d&rsquo;apprentissage et offrons un soutien continu pour obtenir des r\u00e9sultats \u00e0 long terme. <\/li>\n<\/ul>\n\n\n\n<div class=\"wp-block-group card-group\"><div class=\"wp-block-group__inner-container is-layout-flow wp-block-group-is-layout-flow\">\n<div class=\"wp-block-columns is-layout-flex wp-container-core-columns-is-layout-9d6595d7 wp-block-columns-is-layout-flex\">\n<div class=\"wp-block-column card BnA-1 HR-3 is-layout-flow wp-block-column-is-layout-flow\">\n<figure class=\"wp-block-image size-full is-resized\"><img decoding=\"async\" src=\"https:\/\/www.novaacademy.ch\/wp-content\/uploads\/2025\/04\/leadership_860398.svg\" alt=\"\" class=\"wp-image-4376\" style=\"width:300px;height:100px\"\/><\/figure>\n\n\n\n<div style=\"height:22px\" aria-hidden=\"true\" class=\"wp-block-spacer\"><\/div>\n\n\n\n<h4 class=\"wp-block-heading has-text-align-center\">Certificat SVF Leadership Professional<\/h4>\n\n\n\n<p class=\"has-text-align-left\">Vous avez les connaissances &#8211; il s&rsquo;agit maintenant d&rsquo;exploiter pleinement votre potentiel en tant que leader. Imaginez que vous avez les comp\u00e9tences qui inspirent les autres, font avancer les projets et permettent de prendre des d\u00e9cisions en toute confiance. Ce cours vous permet de d\u00e9velopper ces comp\u00e9tences &#8211; pratiques, directement applicables et parfaites pour le d\u00e9but de votre carri\u00e8re.  <\/p>\n\n\n\n<div class=\"wp-block-buttons is-layout-flex wp-block-buttons-is-layout-flex\">\n<div class=\"wp-block-button\"><a class=\"wp-block-button__link wp-element-button\" href=\"https:\/\/www.novaacademy.ch\/fr\/offre\/certificat-asfc-leadership-professional\/\">En savoir plus<\/a><\/div>\n<\/div>\n<\/div>\n\n\n\n<div class=\"wp-block-column is-layout-flow wp-block-column-is-layout-flow\"><\/div>\n\n\n\n<div class=\"wp-block-column is-layout-flow wp-block-column-is-layout-flow\"><\/div>\n<\/div>\n<\/div><\/div>\n\n\n\n<p>Gr\u00e2ce au savoir-faire combin\u00e9 de plus de 10 \u00e9coles r\u00e9parties sur plus de 20 sites en Suisse, nous proposons des solutions compl\u00e8tes et cibl\u00e9es sur les besoins de votre entreprise. D\u00e9couvrez notre expertise dans les domaines suivants :<\/p>\n\n\n<div class=\"expertisen\"><div class=\"expfilter\"><span class=\"wp-block-button__link wp-element-button current\" data-category=\"all\">Alle<\/span><span class=\"wp-block-button__link wp-element-button\" data-category=\"59\">Gestion d'entreprise<\/span><span class=\"wp-block-button__link wp-element-button\" data-category=\"60\">Sant\u00e9<\/span><span class=\"wp-block-button__link wp-element-button\" data-category=\"61\">Marketing \/ Vente<\/span><span class=\"wp-block-button__link wp-element-button\" data-category=\"62\">Ressources humaines<\/span><\/div><div class=\"card c59\"><h3><img decoding=\"async\" src=\"https:\/\/www.novaacademy.ch\/wp-content\/uploads\/2024\/12\/brain_738534.svg\" alt=\"Formation \u00e0 l'IA pour les entreprises\">Formation \u00e0 l'IA pour les entreprises<\/h3><span>Int\u00e9gration de l'intelligence artificielle dans les processus commerciaux.<\/span><\/div><div class=\"card c59\"><h3><img decoding=\"async\" src=\"https:\/\/www.novaacademy.ch\/wp-content\/uploads\/2024\/12\/business_16722949.svg\" alt=\"Charte\/Valeurs\/Culture d'entreprise\">Charte\/Valeurs\/Culture d'entreprise<\/h3><span>D\u00e9velopper et renforcer une culture d'entreprise positive.<\/span><\/div><div class=\"card c59\"><h3><img decoding=\"async\" src=\"https:\/\/www.novaacademy.ch\/wp-content\/uploads\/2024\/12\/tutor_9293889.svg\" alt=\"Technique de pr\u00e9sentation \/ communication \/ flux d'informations\">Technique de pr\u00e9sentation \/ communication \/ flux d'informations<\/h3><span>Am\u00e9liorer les comp\u00e9tences en communication au sein de l'entreprise.<\/span><\/div><div class=\"card c59\"><h3><img decoding=\"async\" src=\"https:\/\/www.novaacademy.ch\/wp-content\/uploads\/2024\/12\/audit_7044522.svg\" alt=\"Gestion de projet\">Gestion de projet<\/h3><span>Planification et r\u00e9alisation efficaces de projets.<\/span><\/div><div class=\"card c59\"><h3><img decoding=\"async\" src=\"https:\/\/www.novaacademy.ch\/wp-content\/uploads\/2024\/12\/iteration_16090667.svg\" alt=\"Optimisation des processus\">Optimisation des processus<\/h3><span>Identification et mise en \u0153uvre des gains d'efficacit\u00e9.<\/span><\/div><div class=\"card c59\"><h3><img decoding=\"async\" src=\"https:\/\/www.novaacademy.ch\/wp-content\/uploads\/2024\/12\/creative_7261731.svg\" alt=\"Entrepreneuriat\">Entrepreneuriat<\/h3><span>Encouragement de l'esprit d'entreprise et de l'action entrepreneuriale au sein de l'entreprise.<\/span><\/div><div class=\"card c59\"><h3><img decoding=\"async\" src=\"https:\/\/www.novaacademy.ch\/wp-content\/uploads\/2024\/12\/creativity_13305929.svg\" alt=\"La pens\u00e9e design\">La pens\u00e9e design<\/h3><span>Des approches cr\u00e9atives pour trouver des solutions innovantes.<\/span><\/div><div class=\"card c59\"><h3><img decoding=\"async\" src=\"https:\/\/www.novaacademy.ch\/wp-content\/uploads\/2024\/12\/future_11485932.svg\" alt=\"Gestion de l'innovation\">Gestion de l'innovation<\/h3><span>Strat\u00e9gies pour la promotion syst\u00e9matique de l'innovation.<\/span><\/div><div class=\"card c59\"><h3><img decoding=\"async\" src=\"https:\/\/www.novaacademy.ch\/wp-content\/uploads\/2024\/12\/security_10098794.svg\" alt=\"Protection des donn\u00e9es\">Protection des donn\u00e9es<\/h3><span>Sensibilisation et formation aux dispositions relatives \u00e0 la protection des donn\u00e9es.<\/span><\/div><div class=\"card c59\"><h3><img decoding=\"async\" src=\"https:\/\/www.novaacademy.ch\/wp-content\/uploads\/2024\/12\/collaboration_8819039.svg\" alt=\"Gestion all\u00e9g\u00e9e\">Gestion all\u00e9g\u00e9e<\/h3><span>R\u00e9duire le gaspillage et am\u00e9liorer la cr\u00e9ation de valeur.<\/span><\/div><div class=\"card c59\"><h3><img decoding=\"async\" src=\"https:\/\/www.novaacademy.ch\/wp-content\/uploads\/2024\/12\/document_15393011.svg\" alt=\"Conformit\u00e9\">Conformit\u00e9<\/h3><span>Garantie du respect des dispositions l\u00e9gales et internes.<\/span><\/div><div class=\"card c60\"><h3><img decoding=\"async\" src=\"https:\/\/www.novaacademy.ch\/wp-content\/uploads\/2024\/12\/Ergonomie.svg\" alt=\"Ergonomie et gestion de la sant\u00e9 au travail\">Ergonomie et gestion de la sant\u00e9 au travail<\/h3><span>Promotion de la sant\u00e9 et du bien-\u00eatre sur le lieu de travail.<\/span><\/div><div class=\"card c60\"><h3><img decoding=\"async\" src=\"https:\/\/www.novaacademy.ch\/wp-content\/uploads\/2024\/12\/board_16129546.svg\" alt=\"R\u00e9silience et autogestion\">R\u00e9silience et autogestion<\/h3><span>Strat\u00e9gies pour augmenter la r\u00e9sistance personnelle.<\/span><\/div><div class=\"card c60\"><h3><img decoding=\"async\" src=\"https:\/\/www.novaacademy.ch\/wp-content\/uploads\/2024\/12\/health-insurance_17085132.svg\" alt=\"Th\u00e8mes de la protection de la sant\u00e9\">Th\u00e8mes de la protection de la sant\u00e9<\/h3><span>Approches pratiques pour la protection des collaborateurs.<\/span><\/div><div class=\"card c60\"><h3><img decoding=\"async\" src=\"https:\/\/www.novaacademy.ch\/wp-content\/uploads\/2024\/12\/labour_11442788.svg\" alt=\"S\u00e9curit\u00e9 au travail\">S\u00e9curit\u00e9 au travail<\/h3><span>Garantie d'un environnement de travail s\u00fbr pour tous les collaborateurs.<\/span><\/div><div class=\"card c60\"><h3><img decoding=\"async\" src=\"https:\/\/www.novaacademy.ch\/wp-content\/uploads\/2024\/12\/wellbeing_5980316.svg\" alt=\"Sant\u00e9 mentale\">Sant\u00e9 mentale<\/h3><span>Promotion de la sant\u00e9 mentale des collaborateurs sur le lieu de travail<\/span><\/div><div class=\"card c60\"><h3><img decoding=\"async\" src=\"https:\/\/www.novaacademy.ch\/wp-content\/uploads\/2024\/12\/brain_4135383.svg\" alt=\"Entra\u00eenement mental pour sportifs\">Entra\u00eenement mental pour sportifs<\/h3><span>Renforcement de la force mentale sp\u00e9cifique aux sportifs<\/span><\/div><div class=\"card c61\"><h3><img decoding=\"async\" src=\"https:\/\/www.novaacademy.ch\/wp-content\/uploads\/2024\/12\/coaching_2586975.svg\" alt=\"Formation \u00e0 la vente sur le terrain\">Formation \u00e0 la vente sur le terrain<\/h3><span>Strat\u00e9gies et techniques efficaces pour le contact direct avec le client.<\/span><\/div><div class=\"card c61\"><h3><img decoding=\"async\" src=\"https:\/\/www.novaacademy.ch\/wp-content\/uploads\/2024\/12\/support_4429769.svg\" alt=\"Formation \u00e0 la vente interne\">Formation \u00e0 la vente interne<\/h3><span>Optimisation des processus de vente et du service client interne.<\/span><\/div><div class=\"card c61\"><h3><img decoding=\"async\" src=\"https:\/\/www.novaacademy.ch\/wp-content\/uploads\/2024\/12\/motivated_16806266.svg\" alt=\"Formation \u00e0 la collaboration entre le service commercial interne et externe\">Formation \u00e0 la collaboration entre le service commercial interne et externe<\/h3><span>Renforcement du travail d'\u00e9quipe pour un succ\u00e8s commercial maximal.<\/span><\/div><div class=\"card c62\"><h3><img decoding=\"async\" src=\"https:\/\/www.novaacademy.ch\/wp-content\/uploads\/2024\/12\/leadership_860398.svg\" alt=\"Leadership\">Leadership<\/h3><span>D\u00e9velopper les aptitudes et les comp\u00e9tences en mati\u00e8re de leadership afin de diriger des \u00e9quipes avec succ\u00e8s.<\/span><\/div><div class=\"card c62\"><h3><img decoding=\"async\" src=\"https:\/\/www.novaacademy.ch\/wp-content\/uploads\/2024\/12\/partner_17541107.svg\" alt=\"Teamcoaching\">Teamcoaching<\/h3><span>Encourager la dynamique d'\u00e9quipe et la coop\u00e9ration pour obtenir de meilleurs r\u00e9sultats.<\/span><\/div><div class=\"card c62\"><h3><img decoding=\"async\" src=\"https:\/\/www.novaacademy.ch\/wp-content\/uploads\/2024\/12\/agile-team_8759226.svg\" alt=\"Direction agile \u2013 Th\u00e8mes de direction Leadership\">Direction agile \u2013 Th\u00e8mes de direction Leadership<\/h3><span>Approches modernes pour une gestion efficace dans des environnements dynamiques.<\/span><\/div><\/div>\n","protected":false},"excerpt":{"rendered":"<p>Nos services comprennent Certificat SVF Leadership Professional Vous avez les connaissances &#8211; il s&rsquo;agit maintenant d&rsquo;exploiter pleinement votre potentiel en tant que leader. Imaginez que vous avez les comp\u00e9tences qui inspirent les autres, font avancer les projets et permettent de prendre des d\u00e9cisions en toute confiance. Ce cours vous permet de d\u00e9velopper ces comp\u00e9tences &#8211; [&hellip;]<\/p>\n","protected":false},"author":14,"featured_media":3908,"parent":0,"menu_order":36,"comment_status":"closed","ping_status":"closed","template":"","meta":{"_acf_changed":false,"footnotes":""},"class_list":["post-3907","page","type-page","status-publish","has-post-thumbnail","hentry"],"acf":[],"_links":{"self":[{"href":"https:\/\/www.novaacademy.ch\/fr\/wp-json\/wp\/v2\/pages\/3907","targetHints":{"allow":["GET"]}}],"collection":[{"href":"https:\/\/www.novaacademy.ch\/fr\/wp-json\/wp\/v2\/pages"}],"about":[{"href":"https:\/\/www.novaacademy.ch\/fr\/wp-json\/wp\/v2\/types\/page"}],"author":[{"embeddable":true,"href":"https:\/\/www.novaacademy.ch\/fr\/wp-json\/wp\/v2\/users\/14"}],"replies":[{"embeddable":true,"href":"https:\/\/www.novaacademy.ch\/fr\/wp-json\/wp\/v2\/comments?post=3907"}],"version-history":[{"count":0,"href":"https:\/\/www.novaacademy.ch\/fr\/wp-json\/wp\/v2\/pages\/3907\/revisions"}],"wp:featuredmedia":[{"embeddable":true,"href":"https:\/\/www.novaacademy.ch\/fr\/wp-json\/wp\/v2\/media\/3908"}],"wp:attachment":[{"href":"https:\/\/www.novaacademy.ch\/fr\/wp-json\/wp\/v2\/media?parent=3907"}],"curies":[{"name":"wp","href":"https:\/\/api.w.org\/{rel}","templated":true}]}}