{"id":3852,"date":"2025-04-02T16:57:09","date_gmt":"2025-04-02T14:57:09","guid":{"rendered":"https:\/\/www.novaacademy.ch\/nos-partenaires\/"},"modified":"2025-04-15T09:36:41","modified_gmt":"2025-04-15T07:36:41","slug":"partner","status":"publish","type":"page","link":"https:\/\/www.novaacademy.ch\/fr\/partner\/","title":{"rendered":"Nos partenaires"},"content":{"rendered":"\t\t\t<div class=\"wp-block-group card-group\">\n\t\t\t\t<div class=\"wp-block-group__inner-container is-layout-flow wp-block-group-is-layout-flow\">\n\t\t\t\t\t<div class=\"wp-block-columns is-layout-flex wp-container-core-columns-is-layout-1 wp-block-columns-is-layout-flex\">\n\t\t\t\t\t<div class=\"wp-block-column card BnA-1 HR-3 is-layout-flow wp-block-column-is-layout-flow\">\n\t\t\t\t<figure class=\"wp-block-image size-large is-resized\">\n\t\t\t\t\t<img decoding=\"async\" src=\"https:\/\/www.novaacademy.ch\/wp-content\/uploads\/2025\/01\/Post-Logo-1.svg\" alt=\"La Poste Suisse\" class=\"wp-image-3858\" style=\"width:300px;height:100px\" \/>\n\t\t\t\t<\/figure>\n\n\n\n\t\t\t\t<p class=\"has-text-align-left\"><p>La Poste Suisse est l&rsquo;une des principales entreprises de logistique et de communication de Suisse et propose des services complets dans le domaine de l&rsquo;exp\u00e9dition, de la logistique et de la communication num\u00e9rique.<\/p>\n<\/p>\n\n\n\n\t\t\t\t<div class=\"wp-block-buttons is-layout-flex wp-block-buttons-is-layout-flex\">\n\t\t\t\t\t<div class=\"wp-block-button\"><a class=\"wp-block-button__link wp-element-button\"\n\t\t\t\t\t\t\thref=\"https:\/\/www.novaacademy.ch\/fr\/partner\/la-poste-suisse\/\">En savoir plus<\/a>\n\t\t\t\t\t<\/div>\n\t\t\t\t<\/div>\n\t\t\t<\/div>\n\t\t\t\t\t\t<div class=\"wp-block-column card BnA-1 HR-3 is-layout-flow wp-block-column-is-layout-flow\">\n\t\t\t\t<figure class=\"wp-block-image size-large is-resized\">\n\t\t\t\t\t<img decoding=\"async\" src=\"https:\/\/www.novaacademy.ch\/wp-content\/uploads\/2025\/03\/edelweiss.svg\" alt=\"Edelweiss\" class=\"wp-image-3854\" style=\"width:300px;height:100px\" \/>\n\t\t\t\t<\/figure>\n\n\n\n\t\t\t\t<p class=\"has-text-align-left\"><p>Edelweiss est la premi\u00e8re compagnie a\u00e9rienne suisse pour les vacances et offre des liaisons a\u00e9riennes de premi\u00e8re classe vers les plus belles destinations du monde. Avec une exigence de qualit\u00e9 \u00e9lev\u00e9e et une hospitalit\u00e9 suisse, Edelweiss vous garantit une exp\u00e9rience de voyage inoubliable.<\/p>\n<\/p>\n\n\n\n\t\t\t\t<div class=\"wp-block-buttons is-layout-flex wp-block-buttons-is-layout-flex\">\n\t\t\t\t\t<div class=\"wp-block-button\"><a class=\"wp-block-button__link wp-element-button\"\n\t\t\t\t\t\t\thref=\"https:\/\/www.novaacademy.ch\/fr\/partner\/edelweiss\/\">En savoir plus<\/a>\n\t\t\t\t\t<\/div>\n\t\t\t\t<\/div>\n\t\t\t<\/div>\n\t\t\t\t\t\t<!-- Q&D: Sollte wahrscheinlich noch sch\u00f6ner coded werden damit's aufgeht unabh\u00e4ngig der anzahl -->\n\t\t\t<!-- <div class=\"wp-block-column is-layout-flow wp-block-column-is-layout-flow\"><\/div> -->\n\t\t\t<div class=\"wp-block-column is-layout-flow wp-block-column-is-layout-flow\"><\/div>\n\n\n\t\t\t\t\t<\/div>\n\t\t\t\t<\/div>\n\t\t\t<\/div>\n\t\t\n\n\n<p><\/p>\n","protected":false},"excerpt":{"rendered":"","protected":false},"author":14,"featured_media":3856,"parent":0,"menu_order":36,"comment_status":"closed","ping_status":"closed","template":"","meta":{"_acf_changed":false,"footnotes":""},"class_list":["post-3852","page","type-page","status-publish","has-post-thumbnail","hentry"],"acf":[],"_links":{"self":[{"href":"https:\/\/www.novaacademy.ch\/fr\/wp-json\/wp\/v2\/pages\/3852","targetHints":{"allow":["GET"]}}],"collection":[{"href":"https:\/\/www.novaacademy.ch\/fr\/wp-json\/wp\/v2\/pages"}],"about":[{"href":"https:\/\/www.novaacademy.ch\/fr\/wp-json\/wp\/v2\/types\/page"}],"author":[{"embeddable":true,"href":"https:\/\/www.novaacademy.ch\/fr\/wp-json\/wp\/v2\/users\/14"}],"replies":[{"embeddable":true,"href":"https:\/\/www.novaacademy.ch\/fr\/wp-json\/wp\/v2\/comments?post=3852"}],"version-history":[{"count":0,"href":"https:\/\/www.novaacademy.ch\/fr\/wp-json\/wp\/v2\/pages\/3852\/revisions"}],"wp:featuredmedia":[{"embeddable":true,"href":"https:\/\/www.novaacademy.ch\/fr\/wp-json\/wp\/v2\/media\/3856"}],"wp:attachment":[{"href":"https:\/\/www.novaacademy.ch\/fr\/wp-json\/wp\/v2\/media?parent=3852"}],"curies":[{"name":"wp","href":"https:\/\/api.w.org\/{rel}","templated":true}]}}