{"id":3827,"date":"2025-04-02T15:07:11","date_gmt":"2025-04-02T13:07:11","guid":{"rendered":"https:\/\/www.novaacademy.ch\/page-daccueil\/"},"modified":"2025-04-15T09:39:20","modified_gmt":"2025-04-15T07:39:20","slug":"page-daccueil","status":"publish","type":"page","link":"https:\/\/www.novaacademy.ch\/fr\/","title":{"rendered":"Page d&rsquo;accueil"},"content":{"rendered":"\n<h2 class=\"wp-block-heading\" id=\"ueber-uns\">A propos de nous<\/h2>\n\n\n\n<div class=\"wp-block-group\"><div class=\"wp-block-group__inner-container is-layout-constrained wp-block-group-is-layout-constrained\">\n<p class=\"has-text-align-left\">En tant que membre d&rsquo;un groupe de formation de premier plan, Nova Academy r\u00e9unit le savoir-faire de 10 organisations de formation renomm\u00e9es pour d\u00e9velopper des solutions de formation et des formations continues individuelles qui sont adapt\u00e9es de mani\u00e8re cibl\u00e9e aux besoins des clients. Gr\u00e2ce \u00e0 une expertise de longue date, \u00e0 des formats d&rsquo;apprentissage flexibles et \u00e0 des succ\u00e8s d&rsquo;apprentissage durables, nous encourageons les collaborateurs de mani\u00e8re optimale et assurons des succ\u00e8s \u00e0 long terme pour les entreprises. <\/p>\n\n\n\n<div class=\"wp-block-buttons is-layout-flex wp-block-buttons-is-layout-flex\">\n<div class=\"wp-block-button\"><a class=\"wp-block-button__link wp-element-button\" href=\"https:\/\/www.novaacademy.ch\/fr\/a-propos-de-nous\/\">Encore plus<\/a><\/div>\n<\/div>\n<\/div><\/div>\n\n\n\n<div style=\"height:100px\" aria-hidden=\"true\" class=\"wp-block-spacer\"><\/div>\n\n\n\n<h2 class=\"wp-block-heading\" id=\"angebot\">Notre offre<\/h2>\n\n\n\n<div class=\"wp-block-group card-group\"><div class=\"wp-block-group__inner-container is-layout-flow wp-block-group-is-layout-flow\">\n<div class=\"wp-block-columns is-layout-flex wp-container-core-columns-is-layout-9d6595d7 wp-block-columns-is-layout-flex\">\n<div class=\"wp-block-column card BnA-1 HR-3 is-layout-flow wp-block-column-is-layout-flow\">\n<figure class=\"wp-block-image size-full is-resized\"><img decoding=\"async\" src=\"https:\/\/www.novaacademy.ch\/wp-content\/uploads\/2025\/04\/leadership_860398.svg\" alt=\"\" class=\"wp-image-4376\" style=\"width:300px;height:100px\"\/><\/figure>\n\n\n\n<div style=\"height:22px\" aria-hidden=\"true\" class=\"wp-block-spacer\"><\/div>\n\n\n\n<h4 class=\"wp-block-heading has-text-align-center\">Certificat ASFC Leadership Professional<\/h4>\n\n\n\n<p class=\"has-text-align-left\">Vous avez les connaissances &#8211; il s&rsquo;agit maintenant d&rsquo;exploiter pleinement votre potentiel en tant que leader. Imaginez que vous avez les comp\u00e9tences qui inspirent les autres, font avancer les projets et permettent de prendre des d\u00e9cisions en toute confiance. Ce cours vous permet de d\u00e9velopper ces comp\u00e9tences &#8211; pratiques, directement applicables et parfaites pour le d\u00e9but de votre carri\u00e8re.  <\/p>\n\n\n\n<div class=\"wp-block-buttons is-layout-flex wp-block-buttons-is-layout-flex\">\n<div class=\"wp-block-button\"><a class=\"wp-block-button__link wp-element-button\" href=\"https:\/\/www.novaacademy.ch\/fr\/offre\/certificat-asfc-leadership-professional\/\">En savoir plus<\/a><\/div>\n<\/div>\n<\/div>\n\n\n\n<div class=\"wp-block-column is-layout-flow wp-block-column-is-layout-flow\"><\/div>\n\n\n\n<div class=\"wp-block-column is-layout-flow wp-block-column-is-layout-flow\"><\/div>\n<\/div>\n<\/div><\/div>\n\n\n\n<div style=\"height:100px\" aria-hidden=\"true\" class=\"wp-block-spacer\"><\/div>\n\n\n\n<h2 class=\"wp-block-heading\" id=\"expertise\">Notre expertise<\/h2>\n\n\n\n<p>Gr\u00e2ce \u00e0 l&rsquo;expertise combin\u00e9e de plus de 10 \u00e9coles r\u00e9parties sur plus de 20 sites en Suisse, nous proposons des solutions compl\u00e8tes et cibl\u00e9es sur les besoins de votre entreprise.<\/p>\n\n\n\n<div class=\"wp-block-buttons is-layout-flex wp-block-buttons-is-layout-flex\">\n<div class=\"wp-block-button\"><a class=\"wp-block-button__link wp-element-button\" href=\"https:\/\/www.novaacademy.ch\/fr\/notre-expertise\/\">Encore plus<\/a><\/div>\n<\/div>\n\n\n\n<div style=\"height:100px\" aria-hidden=\"true\" class=\"wp-block-spacer\"><\/div>\n\n\n\n<h2 class=\"wp-block-heading\" id=\"warum\">Pourquoi Nova Academy ?<\/h2>\n\n\n\n<p>Nova Academy est synonyme de service exceptionnel, de solutions personnalis\u00e9es et de compr\u00e9hension approfondie des besoins de nos clients. En int\u00e9grant le savoir-faire de 10 organismes de formation, nous vous proposons une offre incomparable de ressources et de solutions de formation continue. Notre engagement en faveur de la qualit\u00e9 et de l&rsquo;orientation client garantit que votre formation continue est entre de bonnes mains.  <\/p>\n\n\n\n<div style=\"height:100px\" aria-hidden=\"true\" class=\"wp-block-spacer\"><\/div>\n\n\n\n<h2 class=\"wp-block-heading\" id=\"partner\">Nos partenaires<\/h2>\n\n\n\t\t\t<div class=\"wp-block-group card-group\">\n\t\t\t\t<div class=\"wp-block-group__inner-container is-layout-flow wp-block-group-is-layout-flow\">\n\t\t\t\t\t<div class=\"wp-block-columns is-layout-flex wp-container-core-columns-is-layout-1 wp-block-columns-is-layout-flex\">\n\t\t\t\t\t<div class=\"wp-block-column card BnA-1 HR-3 is-layout-flow wp-block-column-is-layout-flow\">\n\t\t\t\t<figure class=\"wp-block-image size-large is-resized\">\n\t\t\t\t\t<img decoding=\"async\" src=\"https:\/\/www.novaacademy.ch\/wp-content\/uploads\/2025\/01\/Post-Logo-1.svg\" alt=\"La Poste Suisse\" class=\"wp-image-3858\" style=\"width:300px;height:100px\" \/>\n\t\t\t\t<\/figure>\n\n\n\n\t\t\t\t<p class=\"has-text-align-left\"><p>La Poste Suisse est l&rsquo;une des principales entreprises de logistique et de communication de Suisse et propose des services complets dans le domaine de l&rsquo;exp\u00e9dition, de la logistique et de la communication num\u00e9rique.<\/p>\n<\/p>\n\n\n\n\t\t\t\t<div class=\"wp-block-buttons is-layout-flex wp-block-buttons-is-layout-flex\">\n\t\t\t\t\t<div class=\"wp-block-button\"><a class=\"wp-block-button__link wp-element-button\"\n\t\t\t\t\t\t\thref=\"https:\/\/www.novaacademy.ch\/fr\/partner\/la-poste-suisse\/\">En savoir plus<\/a>\n\t\t\t\t\t<\/div>\n\t\t\t\t<\/div>\n\t\t\t<\/div>\n\t\t\t\t\t\t<div class=\"wp-block-column card BnA-1 HR-3 is-layout-flow wp-block-column-is-layout-flow\">\n\t\t\t\t<figure class=\"wp-block-image size-large is-resized\">\n\t\t\t\t\t<img decoding=\"async\" src=\"https:\/\/www.novaacademy.ch\/wp-content\/uploads\/2025\/03\/edelweiss.svg\" alt=\"Edelweiss\" class=\"wp-image-3854\" style=\"width:300px;height:100px\" \/>\n\t\t\t\t<\/figure>\n\n\n\n\t\t\t\t<p class=\"has-text-align-left\"><p>Edelweiss est la premi\u00e8re compagnie a\u00e9rienne suisse pour les vacances et offre des liaisons a\u00e9riennes de premi\u00e8re classe vers les plus belles destinations du monde. Avec une exigence de qualit\u00e9 \u00e9lev\u00e9e et une hospitalit\u00e9 suisse, Edelweiss vous garantit une exp\u00e9rience de voyage inoubliable.<\/p>\n<\/p>\n\n\n\n\t\t\t\t<div class=\"wp-block-buttons is-layout-flex wp-block-buttons-is-layout-flex\">\n\t\t\t\t\t<div class=\"wp-block-button\"><a class=\"wp-block-button__link wp-element-button\"\n\t\t\t\t\t\t\thref=\"https:\/\/www.novaacademy.ch\/fr\/partner\/edelweiss\/\">En savoir plus<\/a>\n\t\t\t\t\t<\/div>\n\t\t\t\t<\/div>\n\t\t\t<\/div>\n\t\t\t\t\t\t<!-- Q&D: Sollte wahrscheinlich noch sch\u00f6ner coded werden damit's aufgeht unabh\u00e4ngig der anzahl -->\n\t\t\t<!-- <div class=\"wp-block-column is-layout-flow wp-block-column-is-layout-flow\"><\/div> -->\n\t\t\t<div class=\"wp-block-column is-layout-flow wp-block-column-is-layout-flow\"><\/div>\n\n\n\t\t\t\t\t<\/div>\n\t\t\t\t<\/div>\n\t\t\t<\/div>\n\t\t\n\n\n<div style=\"height:100px\" aria-hidden=\"true\" class=\"wp-block-spacer\"><\/div>\n\n\n\n<h2 class=\"wp-block-heading\" id=\"news\">News<\/h2>\n\n\n<div id=\"carouselNewsslider\" class=\"carousel slide\" data-bs-ride=\"carousel\"><div class=\"carousel-inner\"><div class=\"carousel-item active\" style=\"background-image: url(https:\/\/www.novaacademy.ch\/wp-content\/uploads\/2025\/02\/Edelweiss_A350_Air2Air-scaled.jpg);\"><div class=\"carousel-caption\"><figure class=\"newsimage d-block d-lg-none\"><img decoding=\"async\" src=\"https:\/\/www.novaacademy.ch\/wp-content\/uploads\/2025\/02\/Edelweiss_A350_Air2Air-scaled.jpg\" alt=\"Nova Academy - News\"><\/figure><div class=\"p-2\"><h2>Nouveau partenariat \u00e9ducatif : Nova Academy et Edelweiss misent sur la qualit\u00e9 dans la qualification des formateurs<\/h2> <a href=\"https:\/\/www.novaacademy.ch\/fr\/cooperation-entre-nova-academy-et-edelweiss\/\" title=\"\" class=\"btn d-block\">Plus d'informations<\/a><\/div><\/div><\/div><div class=\"carousel-item \" style=\"background-image: url(https:\/\/www.novaacademy.ch\/wp-content\/uploads\/2024\/09\/2022_EmployerBrand_LS_077-1.jpg);\"><div class=\"carousel-caption\"><figure class=\"newsimage d-block d-lg-none\"><img decoding=\"async\" src=\"https:\/\/www.novaacademy.ch\/wp-content\/uploads\/2024\/09\/2022_EmployerBrand_LS_077-1.jpg\" alt=\"Nova Academy - News\"><\/figure><div class=\"p-2\"><h2>Coop\u00e9ration entre Nova Academy et la Poste<\/h2> <a href=\"https:\/\/www.novaacademy.ch\/fr\/cooperation-entre-nova-academy-et-la-poste\/\" title=\"\" class=\"btn d-block\">Plus d'informations<\/a><\/div><\/div><\/div><\/div> <button class=\"carousel-control-prev\" type=\"button\" data-bs-target=\"#carouselNewsslider\" data-bs-slide=\"prev\"><span>&lt;<\/span><\/button><button class=\"carousel-control-next\" type=\"button\" data-bs-target=\"#carouselNewsslider\" data-bs-slide=\"next\"><span>&gt;<\/span><\/button><\/div>\n\n\n\n<div style=\"height:100px\" aria-hidden=\"true\" class=\"wp-block-spacer\"><\/div>\n\n\n\n<h2 class=\"wp-block-heading\" id=\"kontakt\">Contact<\/h2>\n\n\n\n<div class=\"wp-block-columns is-layout-flex wp-container-core-columns-is-layout-9d6595d7 wp-block-columns-is-layout-flex\">\n<div class=\"wp-block-column is-layout-flow wp-block-column-is-layout-flow\">\n<p>Vous avez des questions sur la Nova Academy ou sur notre offre ?<br>Veuillez remplir le formulaire de contact ci-dessous et nous vous r\u00e9pondrons dans les meilleurs d\u00e9lais.<\/p>\n\n\n\n<div class=\"wp-block-buttons is-layout-flex wp-block-buttons-is-layout-flex\">\n<div class=\"wp-block-button toggle_popover\"><a class=\"wp-block-button__link wp-element-button\" href=\"https:\/\/www.novaacademy.ch\/fr\/entrez-en-contact-maintenant\/\">Contacter maintenant<\/a><\/div>\n<\/div>\n<\/div>\n<\/div>\n\n\n\n<p><\/p>\n","protected":false},"excerpt":{"rendered":"A propos de nous En tant que membre d&rsquo;un groupe de formation de premier plan, Nova Academy r\u00e9unit le savoir-faire de 10 organisations de formation renomm\u00e9es pour d\u00e9velopper des solutions de formation et des formations continues individuelles qui sont adapt\u00e9es de mani\u00e8re cibl\u00e9e aux besoins des clients. Gr\u00e2ce \u00e0 une expertise de longue date, \u00e0 [&hellip;]","protected":false},"author":14,"featured_media":3828,"parent":0,"menu_order":36,"comment_status":"closed","ping_status":"open","template":"","meta":{"_acf_changed":false,"footnotes":""},"class_list":["post-3827","page","type-page","status-publish","has-post-thumbnail","hentry"],"acf":[],"_links":{"self":[{"href":"https:\/\/www.novaacademy.ch\/fr\/wp-json\/wp\/v2\/pages\/3827","targetHints":{"allow":["GET"]}}],"collection":[{"href":"https:\/\/www.novaacademy.ch\/fr\/wp-json\/wp\/v2\/pages"}],"about":[{"href":"https:\/\/www.novaacademy.ch\/fr\/wp-json\/wp\/v2\/types\/page"}],"author":[{"embeddable":true,"href":"https:\/\/www.novaacademy.ch\/fr\/wp-json\/wp\/v2\/users\/14"}],"replies":[{"embeddable":true,"href":"https:\/\/www.novaacademy.ch\/fr\/wp-json\/wp\/v2\/comments?post=3827"}],"version-history":[{"count":0,"href":"https:\/\/www.novaacademy.ch\/fr\/wp-json\/wp\/v2\/pages\/3827\/revisions"}],"wp:featuredmedia":[{"embeddable":true,"href":"https:\/\/www.novaacademy.ch\/fr\/wp-json\/wp\/v2\/media\/3828"}],"wp:attachment":[{"href":"https:\/\/www.novaacademy.ch\/fr\/wp-json\/wp\/v2\/media?parent=3827"}],"curies":[{"name":"wp","href":"https:\/\/api.w.org\/{rel}","templated":true}]}}